{"id":2671,"date":"2021-05-01T09:29:39","date_gmt":"2021-05-01T07:29:39","guid":{"rendered":"https:\/\/searchstudies.org\/?page_id=2671"},"modified":"2026-01-09T20:50:38","modified_gmt":"2026-01-09T19:50:38","slug":"research","status":"publish","type":"page","link":"https:\/\/searchstudies.org\/de\/research\/","title":{"rendered":"Projekte"},"content":{"rendered":"<p><section class=\"kc-elm kc-css-383262 kc_row\"><div class=\"kc-row-container  kc-container\"><div class=\"kc-wrap-columns\"><div class=\"kc-elm kc-css-217938 kc_col-sm-12 kc_column kc_col-sm-12\"><div class=\"kc-col-container\"><div class=\"kc-elm kc-css-712404\" style=\"height: 40px; clear: both; width:100%;\"><\/div><\/div><\/div><\/div><\/div><\/section><section class=\"kc-elm kc-css-287960 kc_row\"><div class=\"kc-row-container  kc-container\"><div class=\"kc-wrap-columns\"><div class=\"kc-elm kc-css-725747 kc_col-sm-3 kc_column kc_col-sm-3\"><div class=\"kc-col-container\"> <article class=\"sabbi-thumlinepost-card solitude-bg__x kc-elm kc-css-310231\"><figure class=\"sabbi-thumlinepost-card-figure\">\n                           <img loading=\"lazy\" decoding=\"async\" width=\"250\" height=\"187\" src=\"https:\/\/searchstudies.org\/wp-content\/uploads\/2021\/04\/seo-2.jpg\" class=\"img-responsive img-thumpost\" alt=\"\" \/>\n                          <\/figure><div class=\"sabbi-thumlinepost-card-meta\">\n                        <h2 class=\"info-box-title ht-5\">SEO-Effekt<\/h2><p>Unser Ziel ist es den Einfluss von Suchmaschinenoptimierung (SEO) auf Ergebnisse in kommerziellen Suchmaschinen zu verstehen.<\/p>\n<a href=\"https:\/\/searchstudies.org\/de\/research\/seo-effekt\/\" title=\"SEO-Effekt\" target=\"_self\" class=\"btn btn-unsolemn btn-action read-more\">Weiterlesen<\/a><\/div>\n                <\/article><\/div><\/div><div class=\"kc-elm kc-css-972305 kc_col-sm-3 kc_column kc_col-sm-3\"><div class=\"kc-col-container\"> <article class=\"sabbi-thumlinepost-card solitude-bg__x kc-elm kc-css-29496\"><figure class=\"sabbi-thumlinepost-card-figure\">\n                           <img loading=\"lazy\" decoding=\"async\" width=\"287\" height=\"215\" src=\"https:\/\/searchstudies.org\/wp-content\/uploads\/2021\/04\/RAT-3.jpg\" class=\"img-responsive img-thumpost\" alt=\"\" \/>\n                          <\/figure><div class=\"sabbi-thumlinepost-card-meta\">\n                        <h2 class=\"info-box-title ht-5\">Result Assessment Tool<\/h2><p>Wir entwickeln eine Forschungssoftware, die Ergebnisse von kommerziellen Suchmaschinen vergleichbar macht.<\/p>\n<a href=\"https:\/\/searchstudies.org\/de\/research\/rat\/\" title=\"RAT\" target=\"_self\" class=\"btn btn-unsolemn btn-action read-more\">Weiterlesen<\/a><\/div>\n                <\/article><\/div><\/div><div class=\"kc-elm kc-css-705344 kc_col-sm-3 kc_column kc_col-sm-3\"><div class=\"kc-col-container\"> <article class=\"sabbi-thumlinepost-card solitude-bg__x kc-elm kc-css-722662\"><figure class=\"sabbi-thumlinepost-card-figure\">\n                           <img loading=\"lazy\" decoding=\"async\" width=\"245\" height=\"183\" src=\"https:\/\/searchstudies.org\/wp-content\/uploads\/2021\/04\/aapvl-2.jpg\" class=\"img-responsive img-thumpost\" alt=\"\" \/>\n                          <\/figure><div class=\"sabbi-thumlinepost-card-meta\">\n                        <h2 class=\"info-box-title ht-5\">AAPVL<\/h2><p>Wir unterst\u00fctzen die Lebensmittelkontrolle durch die automatische Suche nach Produkten, die gegen Lebensmittelrecht versto\u00dfen.<\/p>\n<a href=\"https:\/\/searchstudies.org\/de\/research\/aapvl\/\" title=\"AAPVL\" target=\"_self\" class=\"btn btn-unsolemn btn-action read-more\">Weiterlesen<\/a><\/div>\n                <\/article><\/div><\/div><div class=\"kc-elm kc-css-342793 kc_col-sm-3 kc_column kc_col-sm-3\"><div class=\"kc-col-container\"> <article class=\"sabbi-thumlinepost-card solitude-bg__x kc-elm kc-css-934049\"><figure class=\"sabbi-thumlinepost-card-figure\">\n                           <img loading=\"lazy\" decoding=\"async\" width=\"576\" height=\"432\" src=\"https:\/\/searchstudies.org\/wp-content\/uploads\/2021\/04\/dalico.jpg\" class=\"img-responsive img-thumpost\" alt=\"\" srcset=\"https:\/\/searchstudies.org\/wp-content\/uploads\/2021\/04\/dalico.jpg 576w, https:\/\/searchstudies.org\/wp-content\/uploads\/2021\/04\/dalico-300x225.jpg 300w, https:\/\/searchstudies.org\/wp-content\/uploads\/2021\/04\/dalico-360x270.jpg 360w\" sizes=\"(max-width: 576px) 100vw, 576px\" \/>\n                          <\/figure><div class=\"sabbi-thumlinepost-card-meta\">\n                        <h2 class=\"info-box-title ht-5\">DaLiCo<\/h2><p>Mit Partnern aus drei europ\u00e4ischen L\u00e4ndern ist unsere gemeinsame Mission Data Literacy Vermittlung zu f\u00f6rdern.<\/p>\n<a href=\"https:\/\/searchstudies.org\/de\/research\/dalico\/\" title=\"DaLiCo\" target=\"_self\" class=\"btn btn-unsolemn btn-action read-more\">Weiterlesen<\/a><\/div>\n                <\/article><\/div><\/div><\/div><\/div><\/section><section class=\"kc-elm kc-css-668626 kc_row\"><div class=\"kc-row-container  kc-container\"><div class=\"kc-wrap-columns\"><div class=\"kc-elm kc-css-861558 kc_col-sm-12 kc_column kc_col-sm-12\"><div class=\"kc-col-container\"><div class=\"kc-elm kc-css-342275\" style=\"height: 40px; clear: both; width:100%;\"><\/div><\/div><\/div><\/div><\/div><\/section><section class=\"kc-elm kc-css-780949 kc_row\"><div class=\"kc-row-container  kc-container\"><div class=\"kc-wrap-columns\"><div class=\"kc-elm kc-css-944938 kc_col-sm-3 kc_column kc_col-sm-3\"><div class=\"kc-col-container\"> <article class=\"sabbi-thumlinepost-card solitude-bg__x kc-elm kc-css-511279\"><figure class=\"sabbi-thumlinepost-card-figure\">\n                           <img loading=\"lazy\" decoding=\"async\" width=\"343\" height=\"257\" src=\"https:\/\/searchstudies.org\/wp-content\/uploads\/2021\/04\/clues.jpg\" class=\"img-responsive img-thumpost\" alt=\"\" srcset=\"https:\/\/searchstudies.org\/wp-content\/uploads\/2021\/04\/clues.jpg 343w, https:\/\/searchstudies.org\/wp-content\/uploads\/2021\/04\/clues-300x225.jpg 300w\" sizes=\"(max-width: 343px) 100vw, 343px\" \/>\n                          <\/figure><div class=\"sabbi-thumlinepost-card-meta\">\n                        <h2 class=\"info-box-title ht-5\">Relevance Clues<\/h2><a href=\"https:\/\/searchstudies.org\/de\/research\/relevance-clues\/\" title=\"Relevance Clues\" target=\"_self\" class=\"btn btn-unsolemn btn-action read-more\">Weiterlesen<\/a><\/div>\n                <\/article><\/div><\/div><div class=\"kc-elm kc-css-986008 kc_col-sm-3 kc_column kc_col-sm-3\"><div class=\"kc-col-container\"> <article class=\"sabbi-thumlinepost-card solitude-bg__x kc-elm kc-css-792832\"><figure class=\"sabbi-thumlinepost-card-figure\">\n                           <img loading=\"lazy\" decoding=\"async\" width=\"340\" height=\"254\" src=\"https:\/\/searchstudies.org\/wp-content\/uploads\/2021\/04\/librank.jpg\" class=\"img-responsive img-thumpost\" alt=\"\" srcset=\"https:\/\/searchstudies.org\/wp-content\/uploads\/2021\/04\/librank.jpg 340w, https:\/\/searchstudies.org\/wp-content\/uploads\/2021\/04\/librank-300x224.jpg 300w\" sizes=\"(max-width: 340px) 100vw, 340px\" \/>\n                          <\/figure><div class=\"sabbi-thumlinepost-card-meta\">\n                        <h2 class=\"info-box-title ht-5\">LibRank<\/h2><a href=\"https:\/\/searchstudies.org\/de\/research\/librank\/\" title=\"LibRank\" target=\"_self\" class=\"btn btn-unsolemn btn-action read-more\">Weiterlesen<\/a><\/div>\n                <\/article><\/div><\/div><div class=\"kc-elm kc-css-327250 kc_col-sm-3 kc_column kc_col-sm-3\"><div class=\"kc-col-container\"> <article class=\"sabbi-thumlinepost-card solitude-bg__x kc-elm kc-css-932368\"><figure class=\"sabbi-thumlinepost-card-figure\">\n                           <img loading=\"lazy\" decoding=\"async\" width=\"358\" height=\"268\" src=\"https:\/\/searchstudies.org\/wp-content\/uploads\/2021\/04\/ads.jpg\" class=\"img-responsive img-thumpost\" alt=\"\" srcset=\"https:\/\/searchstudies.org\/wp-content\/uploads\/2021\/04\/ads.jpg 358w, https:\/\/searchstudies.org\/wp-content\/uploads\/2021\/04\/ads-300x225.jpg 300w\" sizes=\"(max-width: 358px) 100vw, 358px\" \/>\n                          <\/figure><div class=\"sabbi-thumlinepost-card-meta\">\n                        <h2 class=\"info-box-title ht-5\">Search Ads<\/h2><a href=\"https:\/\/searchstudies.org\/de\/search-ads\/\" title=\"Search Ads\" target=\"_self\" class=\"btn btn-unsolemn btn-action read-more\">Weiterlesen<\/a><\/div>\n                <\/article><\/div><\/div><div class=\"kc-elm kc-css-267089 kc_col-sm-3 kc_column kc_col-sm-3\"><div class=\"kc-col-container\"> <article class=\"sabbi-thumlinepost-card solitude-bg__x kc-elm kc-css-545883\"><figure class=\"sabbi-thumlinepost-card-figure\">\n                           <img loading=\"lazy\" decoding=\"async\" width=\"384\" height=\"288\" src=\"https:\/\/searchstudies.org\/wp-content\/uploads\/2021\/04\/owi.jpg\" class=\"img-responsive img-thumpost\" alt=\"\" srcset=\"https:\/\/searchstudies.org\/wp-content\/uploads\/2021\/04\/owi.jpg 384w, https:\/\/searchstudies.org\/wp-content\/uploads\/2021\/04\/owi-300x225.jpg 300w, https:\/\/searchstudies.org\/wp-content\/uploads\/2021\/04\/owi-360x270.jpg 360w\" sizes=\"(max-width: 384px) 100vw, 384px\" \/>\n                          <\/figure><div class=\"sabbi-thumlinepost-card-meta\">\n                        <h2 class=\"info-box-title ht-5\">Open Web Index<\/h2><a href=\"https:\/\/searchstudies.org\/de\/research\/open-web-index\/\" title=\"Open Web Index\" target=\"_self\" class=\"btn btn-unsolemn btn-action read-more\">Weiterlesen<\/a><\/div>\n                <\/article><\/div><\/div><\/div><\/div><\/section><section class=\"kc-elm kc-css-232792 kc_row\"><div class=\"kc-row-container  kc-container\"><div class=\"kc-wrap-columns\"><div class=\"kc-elm kc-css-987961 kc_col-sm-12 kc_column kc_col-sm-12\"><div class=\"kc-col-container\"><div class=\"kc-elm kc-css-701096\" style=\"height: 40px; clear: both; width:100%;\"><\/div><\/div><\/div><\/div><\/div><\/section><section class=\"kc-elm kc-css-44891 kc_row\"><div class=\"kc-row-container  kc-container\"><div class=\"kc-wrap-columns\"><div class=\"kc-elm kc-css-857167 kc_col-sm-3 kc_column kc_col-sm-3\"><div class=\"kc-col-container\"> <article class=\"sabbi-thumlinepost-card solitude-bg__x kc-elm kc-css-205039\"><figure class=\"sabbi-thumlinepost-card-figure\">\n                           <img loading=\"lazy\" decoding=\"async\" width=\"300\" height=\"224\" src=\"https:\/\/searchstudies.org\/wp-content\/uploads\/2023\/08\/search300.png\" class=\"img-responsive img-thumpost\" alt=\"\" srcset=\"https:\/\/searchstudies.org\/wp-content\/uploads\/2023\/08\/search300.png 300w, https:\/\/searchstudies.org\/wp-content\/uploads\/2023\/08\/search300-16x12.png 16w, https:\/\/searchstudies.org\/wp-content\/uploads\/2023\/08\/search300-227x168.png 227w\" sizes=\"(max-width: 300px) 100vw, 300px\" \/>\n                          <\/figure><div class=\"sabbi-thumlinepost-card-meta\">\n                        <h2 class=\"info-box-title ht-5\">Vertrauen in Suchmaschinen<\/h2><a href=\"https:\/\/searchstudies.org\/de\/research\/trust-search-engines\/\" title=\"Selection Behaviour\" target=\"_self\" class=\"btn btn-unsolemn btn-action read-more\">Weiterlesen<\/a><\/div>\n                <\/article><\/div><\/div><div class=\"kc-elm kc-css-330321 kc_col-sm-3 kc_column kc_col-sm-3\"><div class=\"kc-col-container\"> <article class=\"sabbi-thumlinepost-card solitude-bg__x kc-elm kc-css-354588\"><figure class=\"sabbi-thumlinepost-card-figure\">\n                           <img loading=\"lazy\" decoding=\"async\" width=\"300\" height=\"224\" src=\"https:\/\/searchstudies.org\/wp-content\/uploads\/2022\/09\/computer.jpg\" class=\"img-responsive img-thumpost\" alt=\"\" srcset=\"https:\/\/searchstudies.org\/wp-content\/uploads\/2022\/09\/computer.jpg 300w, https:\/\/searchstudies.org\/wp-content\/uploads\/2022\/09\/computer-16x12.jpg 16w, https:\/\/searchstudies.org\/wp-content\/uploads\/2022\/09\/computer-227x168.jpg 227w\" sizes=\"(max-width: 300px) 100vw, 300px\" \/>\n                          <\/figure><div class=\"sabbi-thumlinepost-card-meta\">\n                        <h2 class=\"info-box-title ht-5\">SEM and knowledge gain<\/h2><a href=\"https:\/\/searchstudies.org\/de\/research\/sem-and-knowledge-gain\/\" title=\"SEM and knowledge gain\" target=\"_self\" class=\"btn btn-unsolemn btn-action read-more\">Weiterlesen<\/a><\/div>\n                <\/article><\/div><\/div><div class=\"kc-elm kc-css-651454 kc_col-sm-3 kc_column kc_col-sm-3\"><div class=\"kc-col-container\"><\/div><\/div><div class=\"kc-elm kc-css-857297 kc_col-sm-3 kc_column kc_col-sm-3\"><div class=\"kc-col-container\"><\/div><\/div><\/div><\/div><\/section><section class=\"kc-elm kc-css-464083 kc_row\"><div class=\"kc-row-container  kc-container\"><div class=\"kc-wrap-columns\"><div class=\"kc-elm kc-css-195406 kc_col-sm-12 kc_column kc_col-sm-12\"><div class=\"kc-col-container\"><div class=\"kc-elm kc-css-944776\" style=\"height: 40px; clear: both; width:100%;\"><\/div><\/div><\/div><\/div><\/div><\/section><\/p>","protected":false},"excerpt":{"rendered":"","protected":false},"author":1,"featured_media":250,"parent":0,"menu_order":0,"comment_status":"closed","ping_status":"closed","template":"","meta":{"footnotes":"","_links_to":"","_links_to_target":""},"yoast_head":"<!-- This site is optimized with the Yoast SEO plugin v22.5 - https:\/\/yoast.com\/wordpress\/plugins\/seo\/ -->\n<title>Research projects - Search Studies Research Group<\/title>\n<meta name=\"description\" content=\"Overview of search engine research projects at the Search Studies group at HAW Hamburg.\" \/>\n<meta name=\"robots\" content=\"index, follow, max-snippet:-1, max-image-preview:large, max-video-preview:-1\" \/>\n<link rel=\"canonical\" href=\"https:\/\/searchstudies.org\/de\/research\/\" \/>\n<meta property=\"og:locale\" content=\"de_DE\" \/>\n<meta property=\"og:type\" content=\"article\" \/>\n<meta property=\"og:title\" content=\"Research projects - Search Studies Research Group\" \/>\n<meta property=\"og:description\" content=\"Overview of search engine research projects at the Search Studies group at HAW Hamburg.\" \/>\n<meta property=\"og:url\" content=\"https:\/\/searchstudies.org\/de\/research\/\" \/>\n<meta property=\"og:site_name\" content=\"Search Studies Research Group\" \/>\n<meta property=\"article:modified_time\" content=\"2026-01-09T19:50:38+00:00\" \/>\n<meta property=\"og:image\" content=\"https:\/\/searchstudies.org\/wp-content\/uploads\/2017\/08\/conf_talk-2.jpg\" \/>\n\t<meta property=\"og:image:width\" content=\"1923\" \/>\n\t<meta property=\"og:image:height\" content=\"450\" \/>\n\t<meta property=\"og:image:type\" content=\"image\/jpeg\" \/>\n<meta name=\"twitter:card\" content=\"summary_large_image\" \/>\n<meta name=\"twitter:label1\" content=\"Gesch\u00e4tzte Lesezeit\" \/>\n\t<meta name=\"twitter:data1\" content=\"1\u00a0Minute\" \/>\n<script type=\"application\/ld+json\" class=\"yoast-schema-graph\">{\"@context\":\"https:\/\/schema.org\",\"@graph\":[{\"@type\":\"WebPage\",\"@id\":\"https:\/\/searchstudies.org\/research\/\",\"url\":\"https:\/\/searchstudies.org\/research\/\",\"name\":\"Research projects - Search Studies Research Group\",\"isPartOf\":{\"@id\":\"http:\/\/searchstudies.org\/de\/#website\"},\"primaryImageOfPage\":{\"@id\":\"https:\/\/searchstudies.org\/research\/#primaryimage\"},\"image\":{\"@id\":\"https:\/\/searchstudies.org\/research\/#primaryimage\"},\"thumbnailUrl\":\"https:\/\/searchstudies.org\/wp-content\/uploads\/2017\/08\/conf_talk-2.jpg\",\"datePublished\":\"2021-05-01T07:29:39+00:00\",\"dateModified\":\"2026-01-09T19:50:38+00:00\",\"description\":\"Overview of search engine research projects at the Search Studies group at HAW Hamburg.\",\"breadcrumb\":{\"@id\":\"https:\/\/searchstudies.org\/research\/#breadcrumb\"},\"inLanguage\":\"de\",\"potentialAction\":[{\"@type\":\"ReadAction\",\"target\":[\"https:\/\/searchstudies.org\/research\/\"]}]},{\"@type\":\"ImageObject\",\"inLanguage\":\"de\",\"@id\":\"https:\/\/searchstudies.org\/research\/#primaryimage\",\"url\":\"https:\/\/searchstudies.org\/wp-content\/uploads\/2017\/08\/conf_talk-2.jpg\",\"contentUrl\":\"https:\/\/searchstudies.org\/wp-content\/uploads\/2017\/08\/conf_talk-2.jpg\",\"width\":1923,\"height\":450},{\"@type\":\"BreadcrumbList\",\"@id\":\"https:\/\/searchstudies.org\/research\/#breadcrumb\",\"itemListElement\":[{\"@type\":\"ListItem\",\"position\":1,\"name\":\"Home\",\"item\":\"https:\/\/searchstudies.org\/\"},{\"@type\":\"ListItem\",\"position\":2,\"name\":\"Research projects\"}]},{\"@type\":\"WebSite\",\"@id\":\"http:\/\/searchstudies.org\/de\/#website\",\"url\":\"http:\/\/searchstudies.org\/de\/\",\"name\":\"Search Studies Research Group\",\"description\":\"\",\"potentialAction\":[{\"@type\":\"SearchAction\",\"target\":{\"@type\":\"EntryPoint\",\"urlTemplate\":\"http:\/\/searchstudies.org\/de\/?s={search_term_string}\"},\"query-input\":\"required name=search_term_string\"}],\"inLanguage\":\"de\"}]}<\/script>\n<!-- \/ Yoast SEO plugin. -->","yoast_head_json":{"title":"Research projects - Search Studies Research Group","description":"Overview of search engine research projects at the Search Studies group at HAW Hamburg.","robots":{"index":"index","follow":"follow","max-snippet":"max-snippet:-1","max-image-preview":"max-image-preview:large","max-video-preview":"max-video-preview:-1"},"canonical":"https:\/\/searchstudies.org\/de\/research\/","og_locale":"de_DE","og_type":"article","og_title":"Research projects - Search Studies Research Group","og_description":"Overview of search engine research projects at the Search Studies group at HAW Hamburg.","og_url":"https:\/\/searchstudies.org\/de\/research\/","og_site_name":"Search Studies Research Group","article_modified_time":"2026-01-09T19:50:38+00:00","og_image":[{"width":1923,"height":450,"url":"https:\/\/searchstudies.org\/wp-content\/uploads\/2017\/08\/conf_talk-2.jpg","type":"image\/jpeg"}],"twitter_card":"summary_large_image","twitter_misc":{"Gesch\u00e4tzte Lesezeit":"1\u00a0Minute"},"schema":{"@context":"https:\/\/schema.org","@graph":[{"@type":"WebPage","@id":"https:\/\/searchstudies.org\/research\/","url":"https:\/\/searchstudies.org\/research\/","name":"Research projects - Search Studies Research Group","isPartOf":{"@id":"http:\/\/searchstudies.org\/de\/#website"},"primaryImageOfPage":{"@id":"https:\/\/searchstudies.org\/research\/#primaryimage"},"image":{"@id":"https:\/\/searchstudies.org\/research\/#primaryimage"},"thumbnailUrl":"https:\/\/searchstudies.org\/wp-content\/uploads\/2017\/08\/conf_talk-2.jpg","datePublished":"2021-05-01T07:29:39+00:00","dateModified":"2026-01-09T19:50:38+00:00","description":"Overview of search engine research projects at the Search Studies group at HAW Hamburg.","breadcrumb":{"@id":"https:\/\/searchstudies.org\/research\/#breadcrumb"},"inLanguage":"de","potentialAction":[{"@type":"ReadAction","target":["https:\/\/searchstudies.org\/research\/"]}]},{"@type":"ImageObject","inLanguage":"de","@id":"https:\/\/searchstudies.org\/research\/#primaryimage","url":"https:\/\/searchstudies.org\/wp-content\/uploads\/2017\/08\/conf_talk-2.jpg","contentUrl":"https:\/\/searchstudies.org\/wp-content\/uploads\/2017\/08\/conf_talk-2.jpg","width":1923,"height":450},{"@type":"BreadcrumbList","@id":"https:\/\/searchstudies.org\/research\/#breadcrumb","itemListElement":[{"@type":"ListItem","position":1,"name":"Home","item":"https:\/\/searchstudies.org\/"},{"@type":"ListItem","position":2,"name":"Research projects"}]},{"@type":"WebSite","@id":"http:\/\/searchstudies.org\/de\/#website","url":"http:\/\/searchstudies.org\/de\/","name":"Search Studies Research Group","description":"","potentialAction":[{"@type":"SearchAction","target":{"@type":"EntryPoint","urlTemplate":"http:\/\/searchstudies.org\/de\/?s={search_term_string}"},"query-input":"required name=search_term_string"}],"inLanguage":"de"}]}},"_links":{"self":[{"href":"https:\/\/searchstudies.org\/de\/wp-json\/wp\/v2\/pages\/2671"}],"collection":[{"href":"https:\/\/searchstudies.org\/de\/wp-json\/wp\/v2\/pages"}],"about":[{"href":"https:\/\/searchstudies.org\/de\/wp-json\/wp\/v2\/types\/page"}],"author":[{"embeddable":true,"href":"https:\/\/searchstudies.org\/de\/wp-json\/wp\/v2\/users\/1"}],"replies":[{"embeddable":true,"href":"https:\/\/searchstudies.org\/de\/wp-json\/wp\/v2\/comments?post=2671"}],"version-history":[{"count":59,"href":"https:\/\/searchstudies.org\/de\/wp-json\/wp\/v2\/pages\/2671\/revisions"}],"predecessor-version":[{"id":8192,"href":"https:\/\/searchstudies.org\/de\/wp-json\/wp\/v2\/pages\/2671\/revisions\/8192"}],"wp:featuredmedia":[{"embeddable":true,"href":"https:\/\/searchstudies.org\/de\/wp-json\/wp\/v2\/media\/250"}],"wp:attachment":[{"href":"https:\/\/searchstudies.org\/de\/wp-json\/wp\/v2\/media?parent=2671"}],"curies":[{"name":"wp","href":"https:\/\/api.w.org\/{rel}","templated":true}]}}