{"id":3063,"date":"2020-11-26T16:57:33","date_gmt":"2020-11-26T15:57:33","guid":{"rendered":"https:\/\/searchstudies.org\/?page_id=3063"},"modified":"2024-06-19T16:19:15","modified_gmt":"2024-06-19T14:19:15","slug":"dalico","status":"publish","type":"page","link":"https:\/\/searchstudies.org\/de\/research\/dalico\/","title":{"rendered":"DaLiCo"},"content":{"rendered":"<p><section class=\"kc-elm kc-css-971889 kc_row\"><div class=\"kc-row-container  kc-container\"><div class=\"kc-wrap-columns\"><div class=\"kc-elm kc-css-70040 kc_col-sm-12 kc_column kc_col-sm-12\"><div class=\"kc-col-container\"><div class=\"kc-elm kc-css-667426\" style=\"height: 40px; clear: both; width:100%;\"><\/div><\/div><\/div><\/div><\/div><\/section><section class=\"kc-elm kc-css-337894 kc_row\"><div class=\"kc-row-container  kc-container\"><div class=\"kc-wrap-columns\"><div class=\"kc-elm kc-css-115963 kc_col-sm-5 kc_column kc_col-sm-5\"><div class=\"kc-col-container\">\n<div class=\"kc-elm kc-css-527350 kc-title-wrap\">\n\n\t<h2 class=\"kc_title\">Data Literacy in Context (DaLiCo)<\/h2>\n<\/div>\n<\/div><\/div><div class=\"kc-elm kc-css-659875 kc_col-sm-7 kc_column kc_col-sm-7\"><div class=\"kc-col-container\"><div class=\"kc-elm kc-css-305138 kc_text_block\"><\/p>\n<p>Das Erasmus+-gef\u00f6rderte, internationale Projekt \"Data Literacy in Context\" bringt vier europ\u00e4ische Hochschulen mit der gemeinsamen Aufgabe zusammen, die Vermittlung von Datenkompetenz zu f\u00f6rdern: Die HAW Hamburg als Koordinatorin des Projekts sowie die Hogeschool Utrecht, die Universit\u00e4t Debrecen und die Polytechnische Universit\u00e4t Valencia als Partner. Das Projekt DaLiCo hat zum Ziel, die Sichtbarkeit, die Qualit\u00e4t und die Nutzung bestehender Data Literacy-Aktivit\u00e4ten an den beteiligten Hochschulen zu st\u00e4rken.<\/p>\n<\/p>\n<p>\n<\/div><\/div><\/div><\/div><\/div><\/section><section class=\"kc-elm kc-css-732361 kc_row\"><div class=\"kc-row-container  kc-container\"><div class=\"kc-wrap-columns\"><div class=\"kc-elm kc-css-970022 kc_col-sm-12 kc_column kc_col-sm-12\"><div class=\"kc-col-container\"><div class=\"kc-elm kc-css-982398\" style=\"height: 40px; clear: both; width:100%;\"><\/div><\/div><\/div><\/div><\/div><\/section><section class=\"kc-elm kc-css-84462 kc_row\"><div class=\"kc-row-container  kc-container\"><div class=\"kc-wrap-columns\"><div class=\"kc-elm kc-css-940204 kc_col-sm-6 kc_column kc_col-sm-6\"><div class=\"kc-col-container\"><div class=\"kc-elm kc-css-205418 kc_text_block\"><\/p>\n<p>Aus den Projektzielen ergeben sich f\u00fcnf miteinander verbundene Teilprojekte: die Zusammenstellung von Datenkompetenzressourcen im Sinne einer sogenannten \"Datenkompetenzlandkarte\", ein Train-the-Trainer-Konzept, ein Konzept f\u00fcr Datenkompetenz-Lernr\u00e4ume, ein Mess- und Evaluierungsinstrument f\u00fcr Datenkompetenz und schlie\u00dflich ein Pilotkonzept f\u00fcr die Umsetzung gemeinsamer internationaler Datenkompetenzstandards der Partner vor Ort.<\/p>\n<p>\n<\/div><\/div><\/div><div class=\"kc-elm kc-css-676487 kc_col-sm-6 kc_column kc_col-sm-6\"><div class=\"kc-col-container\"><div class=\"kc-elm kc-css-803842 kc_shortcode kc_single_image\">\n\n        <img decoding=\"async\" src=\"https:\/\/searchstudies.org\/wp-content\/uploads\/2021\/05\/DaLiCo-Summer-School-2020-Programme.png\" class=\"\" alt=\"\" \/>    <\/div>\n<\/div><\/div><\/div><\/div><\/section><section class=\"kc-elm kc-css-653453 kc_row\"><div class=\"kc-row-container  kc-container\"><div class=\"kc-wrap-columns\"><div class=\"kc-elm kc-css-115633 kc_col-sm-12 kc_column kc_col-sm-12\"><div class=\"kc-col-container\"><div class=\"kc-elm kc-css-200477\" style=\"height: 40px; clear: both; width:100%;\"><\/div><\/div><\/div><\/div><\/div><\/section><section class=\"kc-elm kc-css-701316 kc_row\"><div class=\"kc-row-container  kc-container\"><div class=\"kc-wrap-columns\"><div class=\"kc-elm kc-css-351043 kc_col-sm-8 kc_column kc_col-sm-8\"><div class=\"kc-col-container\"> <div class=\"icon-card text-center kc-elm kc-css-464075\"><figure class=\"icon-card-limn\">\n                            <i class=\"ion-ios-paper-outline\"><\/i>\n                          <\/figure>\n                        <h3 class=\"card-title\">Publikationen<\/h3><p>Gl\u00e4ser, C., Spree, U. (2022): <b>Finding Access Points for Data Literacy: The Example of the ERASMUS+ Project DaLiCo (Data Literacy in Context)<\/b>. In: Kurbano\u011flu, S., \u0160piranec, S., \u00dcnal, Y., Boustany, J., Kos, D. (eds) Information Literacy in a Post-Truth Era. ECIL 2021. Communications in Computer and Information Science, vol 1533. Springer, Cham. <a href=\"https:\/\/doi.org\/10.1007\/978-3-030-99885-1_10\" target=\"_blank\">https:\/\/doi.org\/10.1007\/978-3-030-99885-1_10<\/a><\/p>\n<p>Ameis, Kristin, Gl\u00e4ser, Christine and Spree, Ulrike (2021): \u201c\u201ePut your data goggles on\u201c \u2013 Impulse aus dem DaLiCo-Projekt\u201d Bibliothek Forschung und Praxis, vol. 45, no. 3, 2021, pp. 527-532.<br \/>\n<a href=\"https:\/\/doi.org\/10.1515\/bfp-2021-0045\">https:\/\/doi.org\/10.1515\/bfp-2021-0045<\/a><\/p>\n<p>Gl\u00e4ser, Christine (2020): <b>Wer spricht die Sprache der Daten? Data Literacy in der Lehre am Department Information<\/b>. In: API Magazin 1(2). <a href=\"https:\/\/doi.org\/10.15460\/apimagazin.2020.1.2.48\" target=\"_blank\">https:\/\/doi.org\/10.15460\/apimagazin.2020.1.2.48<\/a><\/p>\n\n                <\/div><\/div><\/div><div class=\"kc-elm kc-css-723410 kc_col-sm-4 kc_column kc_col-sm-4\"><div class=\"kc-col-container\"> <div class=\"icon-card text-center kc-elm kc-css-594387\"><figure class=\"icon-card-limn\">\n                            <i class=\"ion-ios-contact-outline\"><\/i>\n                          <\/figure>\n                        <h3 class=\"card-title\">Projektteam<\/h3><p><a href=\"https:\/\/searchstudies.org\/de\/team\/prof-dr-ulrike-spree\/\">Ulrike Spree<\/a><br \/>\nChristine Gl\u00e4ser<\/p>\n\n                <\/div> <div class=\"icon-card text-center kc-elm kc-css-700839\"><figure class=\"icon-card-limn\">\n                            <i class=\"ion-link\"><\/i>\n                          <\/figure>\n                        <h3 class=\"card-title\">Projektwebsite<\/h3><p><a href=\"https:\/\/dalico.info\" target=\"_blank\">https:\/\/dalico.info<\/a><\/p>\n\n                <\/div> <div class=\"icon-card text-center kc-elm kc-css-656859\"><figure class=\"icon-card-limn\">\n                            <i class=\"ion-ios-checkmark-empty\"><\/i>\n                          <\/figure>\n                        <h3 class=\"card-title\">Kofinanziert durch das Erasmus+-Programm der Europ\u00e4ischen Union.<\/h3>\n                <\/div><\/div><\/div><\/div><\/div><\/section><\/p>","protected":false},"excerpt":{"rendered":"","protected":false},"author":1,"featured_media":250,"parent":2671,"menu_order":0,"comment_status":"closed","ping_status":"closed","template":"","meta":{"footnotes":"","_links_to":"","_links_to_target":""},"yoast_head":"<!-- This site is optimized with the Yoast SEO plugin v22.5 - https:\/\/yoast.com\/wordpress\/plugins\/seo\/ -->\n<title>DaLiCo - Search Studies Research Group<\/title>\n<meta name=\"description\" content=\"The project \u201cData Literacy in Context\u201d brings together four European Universities of Applied Sciences with the mutual mission to foster data literacy education.\" \/>\n<meta name=\"robots\" content=\"index, follow, max-snippet:-1, max-image-preview:large, max-video-preview:-1\" \/>\n<link rel=\"canonical\" href=\"https:\/\/searchstudies.org\/de\/research\/dalico\/\" \/>\n<meta property=\"og:locale\" content=\"de_DE\" \/>\n<meta property=\"og:type\" content=\"article\" \/>\n<meta property=\"og:title\" content=\"DaLiCo - Search Studies Research Group\" \/>\n<meta property=\"og:description\" content=\"The project \u201cData Literacy in Context\u201d brings together four European Universities of Applied Sciences with the mutual mission to foster data literacy education.\" \/>\n<meta property=\"og:url\" content=\"https:\/\/searchstudies.org\/de\/research\/dalico\/\" \/>\n<meta property=\"og:site_name\" content=\"Search Studies Research Group\" \/>\n<meta property=\"article:modified_time\" content=\"2024-06-19T14:19:15+00:00\" \/>\n<meta property=\"og:image\" content=\"https:\/\/searchstudies.org\/wp-content\/uploads\/2017\/08\/conf_talk-2.jpg\" \/>\n\t<meta property=\"og:image:width\" content=\"1923\" \/>\n\t<meta property=\"og:image:height\" content=\"450\" \/>\n\t<meta property=\"og:image:type\" content=\"image\/jpeg\" \/>\n<meta name=\"twitter:card\" content=\"summary_large_image\" \/>\n<meta name=\"twitter:label1\" content=\"Gesch\u00e4tzte Lesezeit\" \/>\n\t<meta name=\"twitter:data1\" content=\"2\u00a0Minuten\" \/>\n<script type=\"application\/ld+json\" class=\"yoast-schema-graph\">{\"@context\":\"https:\/\/schema.org\",\"@graph\":[{\"@type\":\"WebPage\",\"@id\":\"https:\/\/searchstudies.org\/research\/dalico\/\",\"url\":\"https:\/\/searchstudies.org\/research\/dalico\/\",\"name\":\"DaLiCo - Search Studies Research Group\",\"isPartOf\":{\"@id\":\"http:\/\/searchstudies.org\/de\/#website\"},\"primaryImageOfPage\":{\"@id\":\"https:\/\/searchstudies.org\/research\/dalico\/#primaryimage\"},\"image\":{\"@id\":\"https:\/\/searchstudies.org\/research\/dalico\/#primaryimage\"},\"thumbnailUrl\":\"https:\/\/searchstudies.org\/wp-content\/uploads\/2017\/08\/conf_talk-2.jpg\",\"datePublished\":\"2020-11-26T15:57:33+00:00\",\"dateModified\":\"2024-06-19T14:19:15+00:00\",\"description\":\"The project \u201cData Literacy in Context\u201d brings together four European Universities of Applied Sciences with the mutual mission to foster data literacy education.\",\"breadcrumb\":{\"@id\":\"https:\/\/searchstudies.org\/research\/dalico\/#breadcrumb\"},\"inLanguage\":\"de\",\"potentialAction\":[{\"@type\":\"ReadAction\",\"target\":[\"https:\/\/searchstudies.org\/research\/dalico\/\"]}]},{\"@type\":\"ImageObject\",\"inLanguage\":\"de\",\"@id\":\"https:\/\/searchstudies.org\/research\/dalico\/#primaryimage\",\"url\":\"https:\/\/searchstudies.org\/wp-content\/uploads\/2017\/08\/conf_talk-2.jpg\",\"contentUrl\":\"https:\/\/searchstudies.org\/wp-content\/uploads\/2017\/08\/conf_talk-2.jpg\",\"width\":1923,\"height\":450},{\"@type\":\"BreadcrumbList\",\"@id\":\"https:\/\/searchstudies.org\/research\/dalico\/#breadcrumb\",\"itemListElement\":[{\"@type\":\"ListItem\",\"position\":1,\"name\":\"Home\",\"item\":\"https:\/\/searchstudies.org\/\"},{\"@type\":\"ListItem\",\"position\":2,\"name\":\"Research projects\",\"item\":\"https:\/\/searchstudies.org\/research\/\"},{\"@type\":\"ListItem\",\"position\":3,\"name\":\"DaLiCo\"}]},{\"@type\":\"WebSite\",\"@id\":\"http:\/\/searchstudies.org\/de\/#website\",\"url\":\"http:\/\/searchstudies.org\/de\/\",\"name\":\"Search Studies Research Group\",\"description\":\"\",\"potentialAction\":[{\"@type\":\"SearchAction\",\"target\":{\"@type\":\"EntryPoint\",\"urlTemplate\":\"http:\/\/searchstudies.org\/de\/?s={search_term_string}\"},\"query-input\":\"required name=search_term_string\"}],\"inLanguage\":\"de\"}]}<\/script>\n<!-- \/ Yoast SEO plugin. -->","yoast_head_json":{"title":"DaLiCo - Search Studies Research Group","description":"The project \u201cData Literacy in Context\u201d brings together four European Universities of Applied Sciences with the mutual mission to foster data literacy education.","robots":{"index":"index","follow":"follow","max-snippet":"max-snippet:-1","max-image-preview":"max-image-preview:large","max-video-preview":"max-video-preview:-1"},"canonical":"https:\/\/searchstudies.org\/de\/research\/dalico\/","og_locale":"de_DE","og_type":"article","og_title":"DaLiCo - Search Studies Research Group","og_description":"The project \u201cData Literacy in Context\u201d brings together four European Universities of Applied Sciences with the mutual mission to foster data literacy education.","og_url":"https:\/\/searchstudies.org\/de\/research\/dalico\/","og_site_name":"Search Studies Research Group","article_modified_time":"2024-06-19T14:19:15+00:00","og_image":[{"width":1923,"height":450,"url":"https:\/\/searchstudies.org\/wp-content\/uploads\/2017\/08\/conf_talk-2.jpg","type":"image\/jpeg"}],"twitter_card":"summary_large_image","twitter_misc":{"Gesch\u00e4tzte Lesezeit":"2\u00a0Minuten"},"schema":{"@context":"https:\/\/schema.org","@graph":[{"@type":"WebPage","@id":"https:\/\/searchstudies.org\/research\/dalico\/","url":"https:\/\/searchstudies.org\/research\/dalico\/","name":"DaLiCo - Search Studies Research Group","isPartOf":{"@id":"http:\/\/searchstudies.org\/de\/#website"},"primaryImageOfPage":{"@id":"https:\/\/searchstudies.org\/research\/dalico\/#primaryimage"},"image":{"@id":"https:\/\/searchstudies.org\/research\/dalico\/#primaryimage"},"thumbnailUrl":"https:\/\/searchstudies.org\/wp-content\/uploads\/2017\/08\/conf_talk-2.jpg","datePublished":"2020-11-26T15:57:33+00:00","dateModified":"2024-06-19T14:19:15+00:00","description":"The project \u201cData Literacy in Context\u201d brings together four European Universities of Applied Sciences with the mutual mission to foster data literacy education.","breadcrumb":{"@id":"https:\/\/searchstudies.org\/research\/dalico\/#breadcrumb"},"inLanguage":"de","potentialAction":[{"@type":"ReadAction","target":["https:\/\/searchstudies.org\/research\/dalico\/"]}]},{"@type":"ImageObject","inLanguage":"de","@id":"https:\/\/searchstudies.org\/research\/dalico\/#primaryimage","url":"https:\/\/searchstudies.org\/wp-content\/uploads\/2017\/08\/conf_talk-2.jpg","contentUrl":"https:\/\/searchstudies.org\/wp-content\/uploads\/2017\/08\/conf_talk-2.jpg","width":1923,"height":450},{"@type":"BreadcrumbList","@id":"https:\/\/searchstudies.org\/research\/dalico\/#breadcrumb","itemListElement":[{"@type":"ListItem","position":1,"name":"Home","item":"https:\/\/searchstudies.org\/"},{"@type":"ListItem","position":2,"name":"Research projects","item":"https:\/\/searchstudies.org\/research\/"},{"@type":"ListItem","position":3,"name":"DaLiCo"}]},{"@type":"WebSite","@id":"http:\/\/searchstudies.org\/de\/#website","url":"http:\/\/searchstudies.org\/de\/","name":"Search Studies Research Group","description":"","potentialAction":[{"@type":"SearchAction","target":{"@type":"EntryPoint","urlTemplate":"http:\/\/searchstudies.org\/de\/?s={search_term_string}"},"query-input":"required name=search_term_string"}],"inLanguage":"de"}]}},"_links":{"self":[{"href":"https:\/\/searchstudies.org\/de\/wp-json\/wp\/v2\/pages\/3063"}],"collection":[{"href":"https:\/\/searchstudies.org\/de\/wp-json\/wp\/v2\/pages"}],"about":[{"href":"https:\/\/searchstudies.org\/de\/wp-json\/wp\/v2\/types\/page"}],"author":[{"embeddable":true,"href":"https:\/\/searchstudies.org\/de\/wp-json\/wp\/v2\/users\/1"}],"replies":[{"embeddable":true,"href":"https:\/\/searchstudies.org\/de\/wp-json\/wp\/v2\/comments?post=3063"}],"version-history":[{"count":29,"href":"https:\/\/searchstudies.org\/de\/wp-json\/wp\/v2\/pages\/3063\/revisions"}],"predecessor-version":[{"id":7440,"href":"https:\/\/searchstudies.org\/de\/wp-json\/wp\/v2\/pages\/3063\/revisions\/7440"}],"up":[{"embeddable":true,"href":"https:\/\/searchstudies.org\/de\/wp-json\/wp\/v2\/pages\/2671"}],"wp:featuredmedia":[{"embeddable":true,"href":"https:\/\/searchstudies.org\/de\/wp-json\/wp\/v2\/media\/250"}],"wp:attachment":[{"href":"https:\/\/searchstudies.org\/de\/wp-json\/wp\/v2\/media?parent=3063"}],"curies":[{"name":"wp","href":"https:\/\/api.w.org\/{rel}","templated":true}]}}