{"id":3073,"date":"2020-11-26T17:02:18","date_gmt":"2020-11-26T16:02:18","guid":{"rendered":"https:\/\/searchstudies.org\/?page_id=3073"},"modified":"2021-06-08T19:21:28","modified_gmt":"2021-06-08T17:21:28","slug":"relevance-clues","status":"publish","type":"page","link":"https:\/\/searchstudies.org\/de\/research\/relevance-clues\/","title":{"rendered":"Relevance Clues"},"content":{"rendered":"<p><section class=\"kc-elm kc-css-41175 kc_row\"><div class=\"kc-row-container  kc-container\"><div class=\"kc-wrap-columns\"><div class=\"kc-elm kc-css-135984 kc_col-sm-12 kc_column kc_col-sm-12\"><div class=\"kc-col-container\"><div class=\"kc-elm kc-css-970260\" style=\"height: 40px; clear: both; width:100%;\"><\/div><\/div><\/div><\/div><\/div><\/section><section class=\"kc-elm kc-css-991499 kc_row\"><div class=\"kc-row-container  kc-container\"><div class=\"kc-wrap-columns\"><div class=\"kc-elm kc-css-2364 kc_col-sm-5 kc_column kc_col-sm-5\"><div class=\"kc-col-container\">\n<div class=\"kc-elm kc-css-153515 kc-title-wrap\">\n\n\t<h2 class=\"kc_title\">Relevanz-Hinweise: Entwicklung und empirische \u00dcberpr\u00fcfung eines Modells f\u00fcr Relevanzentscheidungen bei Suchergebnissen auf Basis individueller Nutzerkriterien<\/h2>\n<\/div>\n<\/div><\/div><div class=\"kc-elm kc-css-294802 kc_col-sm-7 kc_column kc_col-sm-7\"><div class=\"kc-col-container\"><div class=\"kc-elm kc-css-51048 kc_text_block\"><\/p>\n<p><span style=\"caret-color: #444444; color: #444444; font-family: -apple-system, BlinkMacSystemFont, &#039;Segoe UI&#039;, Roboto, Oxygen-Sans, Ubuntu, Cantarell, &#039;Helvetica Neue&#039;, sans-serif; font-size: 14px;\">In der heutigen wissensbasierten Gesellschaft suchen Menschen regelm\u00e4\u00dfig nach Informationen in digitalen Informationssystemen. Ob ein Suchergebnis f\u00fcr die L\u00f6sung ihrer Suchaufgabe hilfreich ist oder nicht, entscheiden sie auf der Grundlage unterschiedlicher und h\u00f6chst subjektiver Kriterien. Das Ziel dieses Forschungsprojekts ist es, subjektive Kriterien sowie die Interdependenz zwischen verschiedenen Kriterien auf individuelle Relevanzentscheidungen bez\u00fcglich Suchergebnissen in einem akademischen Kontext zu bestimmen. Verl\u00e4ssliche Ergebnisse werden durch die Anwendung eines experimentellen Forschungsdesigns mit menschlichen Probanden - ein Ansatz, der in der Informationswissenschaft noch selten verwendet wird - und durch den Aufbau einer ausreichend gro\u00dfen Stichprobe f\u00fcr statistisch gesicherte Aussagen erzielt.<\/span><\/p>\n<p>\n<\/div><\/div><\/div><\/div><\/div><\/section><section class=\"kc-elm kc-css-315866 kc_row\"><div class=\"kc-row-container  kc-container\"><div class=\"kc-wrap-columns\"><div class=\"kc-elm kc-css-836302 kc_col-sm-12 kc_column kc_col-sm-12\"><div class=\"kc-col-container\"><div class=\"kc-elm kc-css-744708\" style=\"height: 40px; clear: both; width:100%;\"><\/div><\/div><\/div><\/div><\/div><\/section><section class=\"kc-elm kc-css-61912 kc_row\"><div class=\"kc-row-container  kc-container\"><div class=\"kc-wrap-columns\"><div class=\"kc-elm kc-css-761029 kc_col-sm-6 kc_column kc_col-sm-6\"><div class=\"kc-col-container\"><div class=\"kc-elm kc-css-882878 kc_text_block\"><\/p>\n<p>Zu den bisherigen Projektergebnissen geh\u00f6rt ein Benutzermodell f\u00fcr Relevanzbewertungen in wissenschaftlichen Suchsystemen unter Ber\u00fccksichtigung von Popularit\u00e4tsdaten, z.B. Zitier- oder Downloadh\u00e4ufigkeiten der jeweiligen Arbeit. Das Modell zielt auf eine systematische Darstellung der Elemente eines Suchergebnisses als potenzielle Relevanzhinweise, der subjektiven Relevanzkriterien, die Nutzer bei der Bewertung der Ergebnisse anwenden, und der kontextuellen Relevanzfaktoren als Variablen, die die Relevanzurteile beeinflussen. Dar\u00fcber hinaus wurde ein methodischer Rahmen f\u00fcr die Einbeziehung von Popularit\u00e4tsdaten in experimentelle Studien zu Relevanzkriterien entwickelt.<\/p>\n<p>\n<\/div><\/div><\/div><div class=\"kc-elm kc-css-630975 kc_col-sm-6 kc_column kc_col-sm-6\"><div class=\"kc-col-container\"><div class=\"kc-elm kc-css-354210 kc_shortcode kc_single_image\">\n\n        <img decoding=\"async\" src=\"https:\/\/searchstudies.org\/wp-content\/uploads\/2021\/05\/graphic_iwp-2019-0002_03.jpg\" class=\"\" alt=\"\" \/>    <\/div>\n<\/div><\/div><\/div><\/div><\/section><section class=\"kc-elm kc-css-464787 kc_row\"><div class=\"kc-row-container  kc-container\"><div class=\"kc-wrap-columns\"><div class=\"kc-elm kc-css-327636 kc_col-sm-12 kc_column kc_col-sm-12\"><div class=\"kc-col-container\"><div class=\"kc-elm kc-css-974108\" style=\"height: 40px; clear: both; width:100%;\"><\/div><\/div><\/div><\/div><\/div><\/section><section class=\"kc-elm kc-css-809130 kc_row\"><div class=\"kc-row-container  kc-container\"><div class=\"kc-wrap-columns\"><div class=\"kc-elm kc-css-278185 kc_col-sm-8 kc_column kc_col-sm-8\"><div class=\"kc-col-container\"> <div class=\"icon-card text-center kc-elm kc-css-537782\"><figure class=\"icon-card-limn\">\n                            <i class=\"ion-ios-paper-outline\"><\/i>\n                          <\/figure>\n                        <h3 class=\"card-title\">Publikationen<\/h3><p>Behnert, C. (2022): <b>Popularit\u00e4t und Relevanz in der Suche<\/b>. Wiesbaden: Springer Vieweg. <a href=\"https:\/\/doi.org\/10.1007\/978-3-658-37512-6\" target=\"_blank\">https:\/\/doi.org\/10.1007\/978-3-658-37512-6<\/a><\/p>\n<p>Behnert, C. (2019). <b>Investigating the Effects of Popularity Data on Predictive Relevance Judgments in Academic Search Systems<\/b>. In Proceedings of the 2019 Conference on Human Information Interaction and Retrieval \u2013 CHIIR \u201919 (S. 437\u2013440). New York, New York, USA: ACM Press. <a href=\"https:\/\/doi.org\/10.1145\/3295750.3298978\" target=\"_blank\">https:\/\/doi.org\/10.1145\/3295750.3298978<\/a><\/p>\n<p>Behnert, C. (2019). <b>Kriterien und Einflussfaktoren bei der Relevanzbewertung von Surrogaten in akademischen Informationssystemen<\/b>. In: Information \u2013 Wissenschaft & Praxis 70 (1), 24-32. <a href=\"https:\/\/doi.org\/10.1515\/iwp-2019-0002\"  target=\"_blank\">https:\/\/doi.org\/10.1515\/iwp-2019-0002<\/a><\/p>\n<p>Behnert, C. (2017). <b>Relevance Clues \u2013 Developing an Experimental Design to Examine the Criteria Behind Relevance Judgments<\/b>. In M. G\u00e4de, V. Trkulja, & V. Petras (Hrsg.), Everything Changes, Everything Stays the Same? Understanding Information Spaces. Proceedings of the 15th International Symposium of Information Science (ISI 2017), Berlin, 13th\u201415th March 2017. Gl\u00fcckstadt: Verlag Werner H\u00fclsbusch.<\/p>\n\n                <\/div><\/div><\/div><div class=\"kc-elm kc-css-354799 kc_col-sm-4 kc_column kc_col-sm-4\"><div class=\"kc-col-container\"> <div class=\"icon-card text-center kc-elm kc-css-778835\"><figure class=\"icon-card-limn\">\n                            <i class=\"ion-ios-contact-outline\"><\/i>\n                          <\/figure>\n                        <h3 class=\"card-title\">Projektteam<\/h3><p><a href=\"https:\/\/searchstudies.org\/de\/team\/christiane-behnert\/\">Christiane Behnert<\/a> (doctoral student)<br \/>\n<a href=\"https:\/\/searchstudies.org\/de\/team\/prof-dr-ulrike-spree\/\">Ulrike Spree<\/a> (supervisor)<\/p>\n\n                <\/div><\/div><\/div><\/div><\/div><\/section><section class=\"kc-elm kc-css-807481 kc_row\"><div class=\"kc-row-container  kc-container\"><div class=\"kc-wrap-columns\"><div class=\"kc-elm kc-css-259859 kc_col-sm-12 kc_column kc_col-sm-12\"><div class=\"kc-col-container\"><div class=\"kc-elm kc-css-321040\" style=\"height: 40px; clear: both; width:100%;\"><\/div><\/div><\/div><\/div><\/div><\/section><\/p>","protected":false},"excerpt":{"rendered":"","protected":false},"author":1,"featured_media":250,"parent":2671,"menu_order":0,"comment_status":"closed","ping_status":"closed","template":"","meta":{"footnotes":"","_links_to":"","_links_to_target":""},"yoast_head":"<!-- This site is optimized with the Yoast SEO plugin v22.5 - https:\/\/yoast.com\/wordpress\/plugins\/seo\/ -->\n<title>Relevance Clues - Search Studies Research Group<\/title>\n<meta name=\"description\" content=\"Research project aiming to determine subjective criteria as well as the interdependence between different criteria on individual relevance decisions regarding search results in an academic context.\" \/>\n<meta name=\"robots\" content=\"index, follow, max-snippet:-1, max-image-preview:large, max-video-preview:-1\" \/>\n<link rel=\"canonical\" href=\"https:\/\/searchstudies.org\/de\/research\/relevance-clues\/\" \/>\n<meta property=\"og:locale\" content=\"de_DE\" \/>\n<meta property=\"og:type\" content=\"article\" \/>\n<meta property=\"og:title\" content=\"Relevance Clues - Search Studies Research Group\" \/>\n<meta property=\"og:description\" content=\"Research project aiming to determine subjective criteria as well as the interdependence between different criteria on individual relevance decisions regarding search results in an academic context.\" \/>\n<meta property=\"og:url\" content=\"https:\/\/searchstudies.org\/de\/research\/relevance-clues\/\" \/>\n<meta property=\"og:site_name\" content=\"Search Studies Research Group\" \/>\n<meta property=\"article:modified_time\" content=\"2021-06-08T17:21:28+00:00\" \/>\n<meta property=\"og:image\" content=\"https:\/\/searchstudies.org\/wp-content\/uploads\/2017\/08\/conf_talk-2.jpg\" \/>\n\t<meta property=\"og:image:width\" content=\"1923\" \/>\n\t<meta property=\"og:image:height\" content=\"450\" \/>\n\t<meta property=\"og:image:type\" content=\"image\/jpeg\" \/>\n<meta name=\"twitter:card\" content=\"summary_large_image\" \/>\n<meta name=\"twitter:label1\" content=\"Gesch\u00e4tzte Lesezeit\" \/>\n\t<meta name=\"twitter:data1\" content=\"2\u00a0Minuten\" \/>\n<script type=\"application\/ld+json\" class=\"yoast-schema-graph\">{\"@context\":\"https:\/\/schema.org\",\"@graph\":[{\"@type\":\"WebPage\",\"@id\":\"https:\/\/searchstudies.org\/research\/relevance-clues\/\",\"url\":\"https:\/\/searchstudies.org\/research\/relevance-clues\/\",\"name\":\"Relevance Clues - Search Studies Research Group\",\"isPartOf\":{\"@id\":\"http:\/\/searchstudies.org\/de\/#website\"},\"primaryImageOfPage\":{\"@id\":\"https:\/\/searchstudies.org\/research\/relevance-clues\/#primaryimage\"},\"image\":{\"@id\":\"https:\/\/searchstudies.org\/research\/relevance-clues\/#primaryimage\"},\"thumbnailUrl\":\"https:\/\/searchstudies.org\/wp-content\/uploads\/2017\/08\/conf_talk-2.jpg\",\"datePublished\":\"2020-11-26T16:02:18+00:00\",\"dateModified\":\"2021-06-08T17:21:28+00:00\",\"description\":\"Research project aiming to determine subjective criteria as well as the interdependence between different criteria on individual relevance decisions regarding search results in an academic context.\",\"breadcrumb\":{\"@id\":\"https:\/\/searchstudies.org\/research\/relevance-clues\/#breadcrumb\"},\"inLanguage\":\"de\",\"potentialAction\":[{\"@type\":\"ReadAction\",\"target\":[\"https:\/\/searchstudies.org\/research\/relevance-clues\/\"]}]},{\"@type\":\"ImageObject\",\"inLanguage\":\"de\",\"@id\":\"https:\/\/searchstudies.org\/research\/relevance-clues\/#primaryimage\",\"url\":\"https:\/\/searchstudies.org\/wp-content\/uploads\/2017\/08\/conf_talk-2.jpg\",\"contentUrl\":\"https:\/\/searchstudies.org\/wp-content\/uploads\/2017\/08\/conf_talk-2.jpg\",\"width\":1923,\"height\":450},{\"@type\":\"BreadcrumbList\",\"@id\":\"https:\/\/searchstudies.org\/research\/relevance-clues\/#breadcrumb\",\"itemListElement\":[{\"@type\":\"ListItem\",\"position\":1,\"name\":\"Home\",\"item\":\"https:\/\/searchstudies.org\/\"},{\"@type\":\"ListItem\",\"position\":2,\"name\":\"Research projects\",\"item\":\"https:\/\/searchstudies.org\/research\/\"},{\"@type\":\"ListItem\",\"position\":3,\"name\":\"Relevance Clues\"}]},{\"@type\":\"WebSite\",\"@id\":\"http:\/\/searchstudies.org\/de\/#website\",\"url\":\"http:\/\/searchstudies.org\/de\/\",\"name\":\"Search Studies Research Group\",\"description\":\"\",\"potentialAction\":[{\"@type\":\"SearchAction\",\"target\":{\"@type\":\"EntryPoint\",\"urlTemplate\":\"http:\/\/searchstudies.org\/de\/?s={search_term_string}\"},\"query-input\":\"required name=search_term_string\"}],\"inLanguage\":\"de\"}]}<\/script>\n<!-- \/ Yoast SEO plugin. -->","yoast_head_json":{"title":"Relevance Clues - Search Studies Research Group","description":"Research project aiming to determine subjective criteria as well as the interdependence between different criteria on individual relevance decisions regarding search results in an academic context.","robots":{"index":"index","follow":"follow","max-snippet":"max-snippet:-1","max-image-preview":"max-image-preview:large","max-video-preview":"max-video-preview:-1"},"canonical":"https:\/\/searchstudies.org\/de\/research\/relevance-clues\/","og_locale":"de_DE","og_type":"article","og_title":"Relevance Clues - Search Studies Research Group","og_description":"Research project aiming to determine subjective criteria as well as the interdependence between different criteria on individual relevance decisions regarding search results in an academic context.","og_url":"https:\/\/searchstudies.org\/de\/research\/relevance-clues\/","og_site_name":"Search Studies Research Group","article_modified_time":"2021-06-08T17:21:28+00:00","og_image":[{"width":1923,"height":450,"url":"https:\/\/searchstudies.org\/wp-content\/uploads\/2017\/08\/conf_talk-2.jpg","type":"image\/jpeg"}],"twitter_card":"summary_large_image","twitter_misc":{"Gesch\u00e4tzte Lesezeit":"2\u00a0Minuten"},"schema":{"@context":"https:\/\/schema.org","@graph":[{"@type":"WebPage","@id":"https:\/\/searchstudies.org\/research\/relevance-clues\/","url":"https:\/\/searchstudies.org\/research\/relevance-clues\/","name":"Relevance Clues - Search Studies Research Group","isPartOf":{"@id":"http:\/\/searchstudies.org\/de\/#website"},"primaryImageOfPage":{"@id":"https:\/\/searchstudies.org\/research\/relevance-clues\/#primaryimage"},"image":{"@id":"https:\/\/searchstudies.org\/research\/relevance-clues\/#primaryimage"},"thumbnailUrl":"https:\/\/searchstudies.org\/wp-content\/uploads\/2017\/08\/conf_talk-2.jpg","datePublished":"2020-11-26T16:02:18+00:00","dateModified":"2021-06-08T17:21:28+00:00","description":"Research project aiming to determine subjective criteria as well as the interdependence between different criteria on individual relevance decisions regarding search results in an academic context.","breadcrumb":{"@id":"https:\/\/searchstudies.org\/research\/relevance-clues\/#breadcrumb"},"inLanguage":"de","potentialAction":[{"@type":"ReadAction","target":["https:\/\/searchstudies.org\/research\/relevance-clues\/"]}]},{"@type":"ImageObject","inLanguage":"de","@id":"https:\/\/searchstudies.org\/research\/relevance-clues\/#primaryimage","url":"https:\/\/searchstudies.org\/wp-content\/uploads\/2017\/08\/conf_talk-2.jpg","contentUrl":"https:\/\/searchstudies.org\/wp-content\/uploads\/2017\/08\/conf_talk-2.jpg","width":1923,"height":450},{"@type":"BreadcrumbList","@id":"https:\/\/searchstudies.org\/research\/relevance-clues\/#breadcrumb","itemListElement":[{"@type":"ListItem","position":1,"name":"Home","item":"https:\/\/searchstudies.org\/"},{"@type":"ListItem","position":2,"name":"Research projects","item":"https:\/\/searchstudies.org\/research\/"},{"@type":"ListItem","position":3,"name":"Relevance Clues"}]},{"@type":"WebSite","@id":"http:\/\/searchstudies.org\/de\/#website","url":"http:\/\/searchstudies.org\/de\/","name":"Search Studies Research Group","description":"","potentialAction":[{"@type":"SearchAction","target":{"@type":"EntryPoint","urlTemplate":"http:\/\/searchstudies.org\/de\/?s={search_term_string}"},"query-input":"required name=search_term_string"}],"inLanguage":"de"}]}},"_links":{"self":[{"href":"https:\/\/searchstudies.org\/de\/wp-json\/wp\/v2\/pages\/3073"}],"collection":[{"href":"https:\/\/searchstudies.org\/de\/wp-json\/wp\/v2\/pages"}],"about":[{"href":"https:\/\/searchstudies.org\/de\/wp-json\/wp\/v2\/types\/page"}],"author":[{"embeddable":true,"href":"https:\/\/searchstudies.org\/de\/wp-json\/wp\/v2\/users\/1"}],"replies":[{"embeddable":true,"href":"https:\/\/searchstudies.org\/de\/wp-json\/wp\/v2\/comments?post=3073"}],"version-history":[{"count":20,"href":"https:\/\/searchstudies.org\/de\/wp-json\/wp\/v2\/pages\/3073\/revisions"}],"predecessor-version":[{"id":5934,"href":"https:\/\/searchstudies.org\/de\/wp-json\/wp\/v2\/pages\/3073\/revisions\/5934"}],"up":[{"embeddable":true,"href":"https:\/\/searchstudies.org\/de\/wp-json\/wp\/v2\/pages\/2671"}],"wp:featuredmedia":[{"embeddable":true,"href":"https:\/\/searchstudies.org\/de\/wp-json\/wp\/v2\/media\/250"}],"wp:attachment":[{"href":"https:\/\/searchstudies.org\/de\/wp-json\/wp\/v2\/media?parent=3073"}],"curies":[{"name":"wp","href":"https:\/\/api.w.org\/{rel}","templated":true}]}}