{"id":3081,"date":"2020-11-26T17:05:20","date_gmt":"2020-11-26T16:05:20","guid":{"rendered":"https:\/\/searchstudies.org\/?page_id=3081"},"modified":"2021-06-10T11:43:41","modified_gmt":"2021-06-10T09:43:41","slug":"librank","status":"publish","type":"page","link":"https:\/\/searchstudies.org\/de\/research\/librank\/","title":{"rendered":"LibRank"},"content":{"rendered":"<p><section class=\"kc-elm kc-css-584067 kc_row\"><div class=\"kc-row-container  kc-container\"><div class=\"kc-wrap-columns\"><div class=\"kc-elm kc-css-227852 kc_col-sm-12 kc_column kc_col-sm-12\"><div class=\"kc-col-container\"><div class=\"kc-elm kc-css-866232\" style=\"height: 40px; clear: both; width:100%;\"><\/div><\/div><\/div><\/div><\/div><\/section><section class=\"kc-elm kc-css-953942 kc_row\"><div class=\"kc-row-container  kc-container\"><div class=\"kc-wrap-columns\"><div class=\"kc-elm kc-css-753337 kc_col-sm-5 kc_column kc_col-sm-5\"><div class=\"kc-col-container\">\n<div class=\"kc-elm kc-css-987335 kc-title-wrap\">\n\n\t<h2 class=\"kc_title\">LibRank: Neue Formen der Relevanzsortierung in bibliothekarischen Informationssystemen<\/h2>\n<\/div>\n<\/div><\/div><div class=\"kc-elm kc-css-881643 kc_col-sm-7 kc_column kc_col-sm-7\"><div class=\"kc-col-container\"><div class=\"kc-elm kc-css-636119 kc_text_block\"><\/p>\n<p>Im Projekt LibRank, einem Kooperationsprojekt mit dem ZBW Leibniz-Informationszentrum Wirtschaft, haben wir untersucht, wie neue Ans\u00e4tze zur Ergebnisbewertung in Bibliothekssuchsystemen eingesetzt werden k\u00f6nnen. Dabei haben wir uns vor allem auf die Einbeziehung von Popularit\u00e4tsfaktoren wie die Anzahl der Zitationen und die Anzahl der Downloads konzentriert. Unsere gro\u00df angelegte Evaluierung der verschiedenen Ranking-Ans\u00e4tze ergab, dass es keinen einzigen besten Weg gibt, Ergebnisse in Bibliothekssuchsystemen zu ranken, und dass Popularit\u00e4tsfaktoren die Rankings aus Sicht der Nutzer nicht wesentlich verbessern.<\/p>\n<p>\n<\/div><\/div><\/div><\/div><\/div><\/section><section class=\"kc-elm kc-css-616701 kc_row\"><div class=\"kc-row-container  kc-container\"><div class=\"kc-wrap-columns\"><div class=\"kc-elm kc-css-964358 kc_col-sm-12 kc_column kc_col-sm-12\"><div class=\"kc-col-container\"><div class=\"kc-elm kc-css-846032\" style=\"height: 40px; clear: both; width:100%;\"><\/div><\/div><\/div><\/div><\/div><\/section><section class=\"kc-elm kc-css-510136 kc_row\"><div class=\"kc-row-container  kc-container\"><div class=\"kc-wrap-columns\"><div class=\"kc-elm kc-css-500163 kc_col-sm-8 kc_column kc_col-sm-8\"><div class=\"kc-col-container\"> <div class=\"icon-card text-center kc-elm kc-css-219689\"><figure class=\"icon-card-limn\">\n                            <i class=\"ion-ios-paper-outline\"><\/i>\n                          <\/figure>\n                        <h3 class=\"card-title\">Publikationen<\/h3><p>Behnert, C., Plassmeier, K., Borst, T., & Lewandowski, D. (2019). <b>Evaluierung von Rankingverfahren f\u00fcr bibliothekarische Informationssysteme<\/b>. In: Information \u2013 Wissenschaft & Praxis 70 (1), 14-23. <a href=\"https:\/\/doi.org\/10.1515\/iwp-2019-0004\" target=\"_blank\">https:\/\/doi.org\/10.1515\/iwp-2019-0004<\/a><\/p>\n<p>Behnert, C.; Lewandowski, D. (2017): <b>A Framework for Designing Retrieval Effectiveness Studies of Library Information Systems Using Human Relevance Assessments<\/b>. Journal of Documentation 73(2017)3, 509-527. <a href=\"https:\/\/doi.org\/10.1108\/JD-08-2016-0099\" target=\"_blank\">https:\/\/doi.org\/10.1108\/JD-08-2016-0099<\/a><\/p>\n<p>Behnert, C., & Lewandowski, D. (2017). <b>Known-item Searches Resulting in Zero Hits: Considerations for Discovery Systems<\/b>. The Journal of Academic Librarianship, 43(2), 128\u2013134. <a href=\"https:\/\/doi.org\/10.1016\/j.acalib.2016.12.002\" target=\"_blank\">https:\/\/doi.org\/10.1016\/j.acalib.2016.12.002<\/a><\/p>\n<p>Behnert, C., & Borst, T. (2015). <b>Neue Formen der Relevanz-Sortierung in bibliothekarischen Informationssystemen: Das DFG-Projekt LibRank<\/b>. Bibliothek Forschung und Praxis, 39(3), 384\u2013393. <a href=\"https:\/\/doi.org\/10.1515\/bfp-2015-0052\" target=\"_blank\">https:\/\/doi.org\/10.1515\/bfp-2015-0052<\/a><\/p>\n<p>Behnert, C., & Lewandowski, D. (2015). <b>Ranking search results in library information systems \u2014 considering ranking approaches adapted from web search engines<\/b>. Journal of Academic Librarianship, 41(6), 725\u2013735. <a href=\"https:\/\/doi.org\/10.1016\/j.acalib.2015.07.010\" target=\"_blank\">https:\/\/doi.org\/10.1016\/j.acalib.2015.07.010<\/a><\/p>\n<p>Behnert, C. (2015). <b>LibRank: New Approaches for Relevance Ranking in Library Information Systems<\/b>. In F. Pehar, C. Schl\u00f6gl, & C. Wolff (Hrsg.), Re:inventing Information Science in the Networked Society. Proceedings of the 14th International Symposium on Information Science (ISI 2015). Gl\u00fcckstadt: Verlag Werner H\u00fclsbusch.<\/p>\n<p>Plassmeier, K.; Behnert, C.; Borst, T.; Lewandowski, D.: <b>Evaluating Popularity Data for Relevance Ranking in Library Information Systems<\/b>. Proceedings of the 78th ASIS&T Annual Meeting, 6.-10. Nov. 2015, St. Louis. <a href=\"https:\/\/doi.org\/10.1002\/pra2.2015.1450520100125\" target=\"_blank\">https:\/\/doi.org\/10.1002\/pra2.2015.1450520100125<\/a><\/p>\n\n                <\/div> <div class=\"icon-card text-center kc-elm kc-css-573772\"><figure class=\"icon-card-limn\">\n                            <i class=\"ion-ios-paper-outline\"><\/i>\n                          <\/figure>\n                        <h3 class=\"card-title\">Working papers<\/h3><p>Behnert, C.: <b>Relevance Ranking: State of the Art in Web Search and Library Catalogs<\/b>. <a href=\"https:\/\/doi.org\/10.5281\/zenodo.4911462\" target=\"_blank\">https:\/\/doi.org\/10.5281\/zenodo.4911462<\/a><\/p>\n<p>Plassmeier, K; Behnert, C.: <b>Relevance Model<\/b>. <a href=\"https:\/\/doi.org\/10.5281\/zenodo.4911470\" target=\"_blank\">https:\/\/doi.org\/10.5281\/zenodo.4911470<\/a><\/p>\n<p>Behnert, C.: <b>Evaluation Methods within the LibRank Project<\/b>. <a href=\"https:\/\/doi.org\/10.5281\/zenodo.4911452\" target=\"_blank\">https:\/\/doi.org\/10.5281\/zenodo.4911452<\/a><\/p>\n<p>Behnert, C.; Plassmeier, K.: <b>Results of Evaluation Runs and Data Analysis<\/b>. <a href=\"https:\/\/doi.org\/10.5281\/zenodo.4911464\" target=\"_blank\">https:\/\/doi.org\/10.5281\/zenodo.4911464<\/a><\/p>\n\n                <\/div><\/div><\/div><div class=\"kc-elm kc-css-229623 kc_col-sm-4 kc_column kc_col-sm-4\"><div class=\"kc-col-container\"> <div class=\"icon-card text-center kc-elm kc-css-448035\"><figure class=\"icon-card-limn\">\n                            <i class=\"ion-android-options\"><\/i>\n                          <\/figure>\n                        <h3 class=\"card-title\">Forschungsdaten und Software<\/h3><p>LibRank Task Collections. <a href=\"https:\/\/doi.org\/10.7802\/1253\" target=\"_blank\">https:\/\/doi.org\/10.7802\/1253<\/a><\/p>\n\n                <\/div> <div class=\"icon-card text-center kc-elm kc-css-404309\"><figure class=\"icon-card-limn\">\n                            <i class=\"ion-ios-contact-outline\"><\/i>\n                          <\/figure>\n                        <h3 class=\"card-title\">Projektteam<\/h3><p><a href=\"https:\/\/searchstudies.org\/de\/team\/christiane-behnert\/\">Christiane Behnert<\/a><br \/>\nTimo Borst (ZBW)<br \/>\n<a href=\"https:\/\/searchstudies.org\/de\/team\/dirk-lewandowski\/\">Dirk Lewandowski<\/a><br \/>\nKim Plassmeier (ZBW)<\/p>\n\n                <\/div> <div class=\"icon-card text-center kc-elm kc-css-368487\"><figure class=\"icon-card-limn\">\n                            <i class=\"ion-ios-checkmark-outline\"><\/i>\n                          <\/figure>\n                        <h3 class=\"card-title\"><\/h3><p><b>Funded by the German Research Foundation (DFG \u2013 Deutsche Forschungsgemeinschaft)<\/b><br \/>\nFunding period: 03\/2014 - 02\/2016<\/p>\n\n                <\/div><\/div><\/div><\/div><\/div><\/section><section class=\"kc-elm kc-css-120447 kc_row\"><div class=\"kc-row-container  kc-container\"><div class=\"kc-wrap-columns\"><div class=\"kc-elm kc-css-482776 kc_col-sm-12 kc_column kc_col-sm-12\"><div class=\"kc-col-container\"><div class=\"kc-elm kc-css-343170\" style=\"height: 40px; clear: both; width:100%;\"><\/div><\/div><\/div><\/div><\/div><\/section><\/p>","protected":false},"excerpt":{"rendered":"","protected":false},"author":1,"featured_media":250,"parent":2671,"menu_order":0,"comment_status":"closed","ping_status":"closed","template":"","meta":{"footnotes":"","_links_to":"","_links_to_target":""},"yoast_head":"<!-- This site is optimized with the Yoast SEO plugin v22.5 - https:\/\/yoast.com\/wordpress\/plugins\/seo\/ -->\n<title>LibRank - Search Studies Research Group<\/title>\n<meta name=\"description\" content=\"LibRank was a collaborative project between HAW and ZBW investigating how new approaches to result ranking can be applied in library search systems.\" \/>\n<meta name=\"robots\" content=\"index, follow, max-snippet:-1, max-image-preview:large, max-video-preview:-1\" \/>\n<link rel=\"canonical\" href=\"https:\/\/searchstudies.org\/de\/research\/librank\/\" \/>\n<meta property=\"og:locale\" content=\"de_DE\" \/>\n<meta property=\"og:type\" content=\"article\" \/>\n<meta property=\"og:title\" content=\"LibRank - Search Studies Research Group\" \/>\n<meta property=\"og:description\" content=\"LibRank was a collaborative project between HAW and ZBW investigating how new approaches to result ranking can be applied in library search systems.\" \/>\n<meta property=\"og:url\" content=\"https:\/\/searchstudies.org\/de\/research\/librank\/\" \/>\n<meta property=\"og:site_name\" content=\"Search Studies Research Group\" \/>\n<meta property=\"article:modified_time\" content=\"2021-06-10T09:43:41+00:00\" \/>\n<meta property=\"og:image\" content=\"https:\/\/searchstudies.org\/wp-content\/uploads\/2017\/08\/conf_talk-2.jpg\" \/>\n\t<meta property=\"og:image:width\" content=\"1923\" \/>\n\t<meta property=\"og:image:height\" content=\"450\" \/>\n\t<meta property=\"og:image:type\" content=\"image\/jpeg\" \/>\n<meta name=\"twitter:card\" content=\"summary_large_image\" \/>\n<meta name=\"twitter:label1\" content=\"Gesch\u00e4tzte Lesezeit\" \/>\n\t<meta name=\"twitter:data1\" content=\"2\u00a0Minuten\" \/>\n<script type=\"application\/ld+json\" class=\"yoast-schema-graph\">{\"@context\":\"https:\/\/schema.org\",\"@graph\":[{\"@type\":\"WebPage\",\"@id\":\"https:\/\/searchstudies.org\/research\/librank\/\",\"url\":\"https:\/\/searchstudies.org\/research\/librank\/\",\"name\":\"LibRank - Search Studies Research Group\",\"isPartOf\":{\"@id\":\"http:\/\/searchstudies.org\/de\/#website\"},\"primaryImageOfPage\":{\"@id\":\"https:\/\/searchstudies.org\/research\/librank\/#primaryimage\"},\"image\":{\"@id\":\"https:\/\/searchstudies.org\/research\/librank\/#primaryimage\"},\"thumbnailUrl\":\"https:\/\/searchstudies.org\/wp-content\/uploads\/2017\/08\/conf_talk-2.jpg\",\"datePublished\":\"2020-11-26T16:05:20+00:00\",\"dateModified\":\"2021-06-10T09:43:41+00:00\",\"description\":\"LibRank was a collaborative project between HAW and ZBW investigating how new approaches to result ranking can be applied in library search systems.\",\"breadcrumb\":{\"@id\":\"https:\/\/searchstudies.org\/research\/librank\/#breadcrumb\"},\"inLanguage\":\"de\",\"potentialAction\":[{\"@type\":\"ReadAction\",\"target\":[\"https:\/\/searchstudies.org\/research\/librank\/\"]}]},{\"@type\":\"ImageObject\",\"inLanguage\":\"de\",\"@id\":\"https:\/\/searchstudies.org\/research\/librank\/#primaryimage\",\"url\":\"https:\/\/searchstudies.org\/wp-content\/uploads\/2017\/08\/conf_talk-2.jpg\",\"contentUrl\":\"https:\/\/searchstudies.org\/wp-content\/uploads\/2017\/08\/conf_talk-2.jpg\",\"width\":1923,\"height\":450},{\"@type\":\"BreadcrumbList\",\"@id\":\"https:\/\/searchstudies.org\/research\/librank\/#breadcrumb\",\"itemListElement\":[{\"@type\":\"ListItem\",\"position\":1,\"name\":\"Home\",\"item\":\"https:\/\/searchstudies.org\/\"},{\"@type\":\"ListItem\",\"position\":2,\"name\":\"Research projects\",\"item\":\"https:\/\/searchstudies.org\/research\/\"},{\"@type\":\"ListItem\",\"position\":3,\"name\":\"LibRank\"}]},{\"@type\":\"WebSite\",\"@id\":\"http:\/\/searchstudies.org\/de\/#website\",\"url\":\"http:\/\/searchstudies.org\/de\/\",\"name\":\"Search Studies Research Group\",\"description\":\"\",\"potentialAction\":[{\"@type\":\"SearchAction\",\"target\":{\"@type\":\"EntryPoint\",\"urlTemplate\":\"http:\/\/searchstudies.org\/de\/?s={search_term_string}\"},\"query-input\":\"required name=search_term_string\"}],\"inLanguage\":\"de\"}]}<\/script>\n<!-- \/ Yoast SEO plugin. -->","yoast_head_json":{"title":"LibRank - Search Studies Research Group","description":"LibRank was a collaborative project between HAW and ZBW investigating how new approaches to result ranking can be applied in library search systems.","robots":{"index":"index","follow":"follow","max-snippet":"max-snippet:-1","max-image-preview":"max-image-preview:large","max-video-preview":"max-video-preview:-1"},"canonical":"https:\/\/searchstudies.org\/de\/research\/librank\/","og_locale":"de_DE","og_type":"article","og_title":"LibRank - Search Studies Research Group","og_description":"LibRank was a collaborative project between HAW and ZBW investigating how new approaches to result ranking can be applied in library search systems.","og_url":"https:\/\/searchstudies.org\/de\/research\/librank\/","og_site_name":"Search Studies Research Group","article_modified_time":"2021-06-10T09:43:41+00:00","og_image":[{"width":1923,"height":450,"url":"https:\/\/searchstudies.org\/wp-content\/uploads\/2017\/08\/conf_talk-2.jpg","type":"image\/jpeg"}],"twitter_card":"summary_large_image","twitter_misc":{"Gesch\u00e4tzte Lesezeit":"2\u00a0Minuten"},"schema":{"@context":"https:\/\/schema.org","@graph":[{"@type":"WebPage","@id":"https:\/\/searchstudies.org\/research\/librank\/","url":"https:\/\/searchstudies.org\/research\/librank\/","name":"LibRank - Search Studies Research Group","isPartOf":{"@id":"http:\/\/searchstudies.org\/de\/#website"},"primaryImageOfPage":{"@id":"https:\/\/searchstudies.org\/research\/librank\/#primaryimage"},"image":{"@id":"https:\/\/searchstudies.org\/research\/librank\/#primaryimage"},"thumbnailUrl":"https:\/\/searchstudies.org\/wp-content\/uploads\/2017\/08\/conf_talk-2.jpg","datePublished":"2020-11-26T16:05:20+00:00","dateModified":"2021-06-10T09:43:41+00:00","description":"LibRank was a collaborative project between HAW and ZBW investigating how new approaches to result ranking can be applied in library search systems.","breadcrumb":{"@id":"https:\/\/searchstudies.org\/research\/librank\/#breadcrumb"},"inLanguage":"de","potentialAction":[{"@type":"ReadAction","target":["https:\/\/searchstudies.org\/research\/librank\/"]}]},{"@type":"ImageObject","inLanguage":"de","@id":"https:\/\/searchstudies.org\/research\/librank\/#primaryimage","url":"https:\/\/searchstudies.org\/wp-content\/uploads\/2017\/08\/conf_talk-2.jpg","contentUrl":"https:\/\/searchstudies.org\/wp-content\/uploads\/2017\/08\/conf_talk-2.jpg","width":1923,"height":450},{"@type":"BreadcrumbList","@id":"https:\/\/searchstudies.org\/research\/librank\/#breadcrumb","itemListElement":[{"@type":"ListItem","position":1,"name":"Home","item":"https:\/\/searchstudies.org\/"},{"@type":"ListItem","position":2,"name":"Research projects","item":"https:\/\/searchstudies.org\/research\/"},{"@type":"ListItem","position":3,"name":"LibRank"}]},{"@type":"WebSite","@id":"http:\/\/searchstudies.org\/de\/#website","url":"http:\/\/searchstudies.org\/de\/","name":"Search Studies Research Group","description":"","potentialAction":[{"@type":"SearchAction","target":{"@type":"EntryPoint","urlTemplate":"http:\/\/searchstudies.org\/de\/?s={search_term_string}"},"query-input":"required name=search_term_string"}],"inLanguage":"de"}]}},"_links":{"self":[{"href":"https:\/\/searchstudies.org\/de\/wp-json\/wp\/v2\/pages\/3081"}],"collection":[{"href":"https:\/\/searchstudies.org\/de\/wp-json\/wp\/v2\/pages"}],"about":[{"href":"https:\/\/searchstudies.org\/de\/wp-json\/wp\/v2\/types\/page"}],"author":[{"embeddable":true,"href":"https:\/\/searchstudies.org\/de\/wp-json\/wp\/v2\/users\/1"}],"replies":[{"embeddable":true,"href":"https:\/\/searchstudies.org\/de\/wp-json\/wp\/v2\/comments?post=3081"}],"version-history":[{"count":24,"href":"https:\/\/searchstudies.org\/de\/wp-json\/wp\/v2\/pages\/3081\/revisions"}],"predecessor-version":[{"id":4249,"href":"https:\/\/searchstudies.org\/de\/wp-json\/wp\/v2\/pages\/3081\/revisions\/4249"}],"up":[{"embeddable":true,"href":"https:\/\/searchstudies.org\/de\/wp-json\/wp\/v2\/pages\/2671"}],"wp:featuredmedia":[{"embeddable":true,"href":"https:\/\/searchstudies.org\/de\/wp-json\/wp\/v2\/media\/250"}],"wp:attachment":[{"href":"https:\/\/searchstudies.org\/de\/wp-json\/wp\/v2\/media?parent=3081"}],"curies":[{"name":"wp","href":"https:\/\/api.w.org\/{rel}","templated":true}]}}