{"id":3087,"date":"2020-11-26T17:07:25","date_gmt":"2020-11-26T16:07:25","guid":{"rendered":"https:\/\/searchstudies.org\/?page_id=3087"},"modified":"2021-06-08T19:24:07","modified_gmt":"2021-06-08T17:24:07","slug":"aapvl","status":"publish","type":"page","link":"https:\/\/searchstudies.org\/de\/research\/aapvl\/","title":{"rendered":"AAPVL"},"content":{"rendered":"<p><section class=\"kc-elm kc-css-442757 kc_row\"><div class=\"kc-row-container  kc-container\"><div class=\"kc-wrap-columns\"><div class=\"kc-elm kc-css-675934 kc_col-sm-12 kc_column kc_col-sm-12\"><div class=\"kc-col-container\"><div class=\"kc-elm kc-css-285475\" style=\"height: 40px; clear: both; width:100%;\"><\/div><\/div><\/div><\/div><\/div><\/section><section class=\"kc-elm kc-css-552296 kc_row\"><div class=\"kc-row-container  kc-container\"><div class=\"kc-wrap-columns\"><div class=\"kc-elm kc-css-88885 kc_col-sm-5 kc_column kc_col-sm-5\"><div class=\"kc-col-container\">\n<div class=\"kc-elm kc-css-592152 kc-title-wrap\">\n\n\t<h2 class=\"kc_title\">AAPVL: Lebensmittelkontrolle im Internet<\/h2>\n<\/div>\n<\/div><\/div><div class=\"kc-elm kc-css-691939 kc_col-sm-7 kc_column kc_col-sm-7\"><div class=\"kc-col-container\"><div class=\"kc-elm kc-css-513439 kc_text_block\"><\/p>\n<p>Kompetenzen aus den Disziplinen Lebensmittelwissenschaft, Recht, Informatik und Informationstechnik wurden genutzt, um ein detailliertes Konzept und einen Software-Prototyp zu entwickeln, der das Internet nach lebensmittelrechtlich bedenklichen Produktangeboten durchsucht.<\/p>\n<p>\n<\/div><\/div><\/div><\/div><\/div><\/section><section class=\"kc-elm kc-css-388294 kc_row\"><div class=\"kc-row-container  kc-container\"><div class=\"kc-wrap-columns\"><div class=\"kc-elm kc-css-66045 kc_col-sm-12 kc_column kc_col-sm-12\"><div class=\"kc-col-container\"><div class=\"kc-elm kc-css-764527\" style=\"height: 40px; clear: both; width:100%;\"><\/div><\/div><\/div><\/div><\/div><\/section><section class=\"kc-elm kc-css-431441 kc_row\"><div class=\"kc-row-container  kc-container\"><div class=\"kc-wrap-columns\"><div class=\"kc-elm kc-css-725530 kc_col-sm-6 kc_column kc_col-sm-6\"><div class=\"kc-col-container\"><div class=\"kc-elm kc-css-451931 kc_text_block\"><\/p>\n<p>Der Online-Marktplatz f\u00fcr Lebensmittel wird immer gr\u00f6\u00dfer, und alle Arten von Lebensmitteln und Getr\u00e4nken k\u00f6nnen heute \u00fcber das Internet gekauft werden. Es liegt in erster Linie in der Verantwortung des Lebensmittelunternehmers, die Einhaltung des Lebensmittelsicherheitsrechts zu gew\u00e4hrleisten. Die zust\u00e4ndigen Beh\u00f6rden haben jedoch die Aufgabe, den E-Food-Sektor im Rahmen ihrer ordnungspolitischen Pflichten zum Schutz der Verbrauchergesundheit und zur Verhinderung von Betrug zu kontrollieren, und zwar unabh\u00e4ngig vom verwendeten Vertriebskanal. Zu diesem Zweck wurde ein neuer Software-Prototyp entwickelt, der potenziell nicht konforme E-Food-Produkte automatisch identifiziert und bewertet. Das Forschungstool nutzt sowohl Internet-Suchmaschinen als auch ma\u00dfgeschneiderte Suchalgorithmen. In einem mehrstufigen Filterprozess werden die Seiten nach definierten Kriterien eingeschr\u00e4nkt (z.B. nur H\u00e4ndler von Lebensmitteln). Das Datenerfassungsmodul speichert alle \u00fcbereinstimmenden Daten von Webseiten zur sp\u00e4teren Analyse und Beweissicherung. In einem weiteren Modul erfolgt die automatische Erkennung des Impressums einer Seite f\u00fcr den jeweiligen Anbieter, in dessen Online-Shop ein m\u00f6glicherweise nicht konformes Lebensmittel angeboten wird.<\/p>\n<p>\n<\/div><\/div><\/div><div class=\"kc-elm kc-css-797200 kc_col-sm-6 kc_column kc_col-sm-6\"><div class=\"kc-col-container\"><div class=\"kc-elm kc-css-460012 kc_shortcode kc_single_image\">\n\n        <img decoding=\"async\" src=\"https:\/\/searchstudies.org\/wp-content\/uploads\/2021\/05\/appvl.jpg\" class=\"\" alt=\"\" \/>    <\/div>\n<\/div><\/div><\/div><\/div><\/section><section class=\"kc-elm kc-css-909368 kc_row\"><div class=\"kc-row-container  kc-container\"><div class=\"kc-wrap-columns\"><div class=\"kc-elm kc-css-915790 kc_col-sm-12 kc_column kc_col-sm-12\"><div class=\"kc-col-container\"><div class=\"kc-elm kc-css-235437\" style=\"height: 40px; clear: both; width:100%;\"><\/div><\/div><\/div><\/div><\/div><\/section><section class=\"kc-elm kc-css-956050 kc_row\"><div class=\"kc-row-container  kc-container\"><div class=\"kc-wrap-columns\"><div class=\"kc-elm kc-css-239967 kc_col-sm-8 kc_column kc_col-sm-8\"><div class=\"kc-col-container\"> <div class=\"icon-card text-center kc-elm kc-css-807169\"><figure class=\"icon-card-limn\">\n                            <i class=\"ion-ios-paper-outline\"><\/i>\n                          <\/figure>\n                        <h3 class=\"card-title\">Publikationen<\/h3><p>Lewandowski, D., Krewinkel, A., Gleissner, M., Osterode, D., Tolg, B., Holle, M., & S\u00fcnkler, S. (2019). <b>Entwicklung und Anwendung einer Software zur automatisierten Kontrolle des Lebensmittelmarktes im Internet mit informationswissenschaftlichen Methoden<\/b>. In: Information \u2013 Wissenschaft & Praxis 70 (1), 33-45. <a href=\"https:\/\/doi.org\/10.1515\/iwp-2019-0005\" target=\"_blank\">https:\/\/doi.org\/10.1515\/iwp-2019-0005<\/a><\/p>\n<p>Krewinkel, A.; S\u00fcnkler, S.; Lewandowski, D.; Finck, N.; Tolg, B.; Kroh, L.W.; Schreiber, G.A.; Fritsche, J.: <b>Concept for Automated Computer-Aided Identification and Evaluation of Potentially Non-Compliant Food Products Traded via Electronic Commerce<\/b>. Food Control 61(2016), 204-212. <a href=\"https:\/\/doi.org\/10.1016\/j.foodcont.2015.09.039\" target=\"_blank\">https:\/\/doi.org\/10.1016\/j.foodcont.2015.09.039<\/a><\/p>\n<p>Krewinkel, A.; S\u00fcnkler, S.; Lewandowski, D.; Finck, N.; Tolg, B.; Kroh, L.W.; Schreiber, G.A.; Fritsche, J.: <b>Lebensmittelkontrolle 2.0<\/b>. Journal f\u00fcr Verbraucherschutz und Lebensmittelsicherheit. <a href=\"https:\/\/doi.org\/10.1007\/s00003-015-1000-6\" target=\"_blank\">https:\/\/doi.org\/10.1007\/s00003-015-1000-6<\/a><\/p>\n\n                <\/div><\/div><\/div><div class=\"kc-elm kc-css-360010 kc_col-sm-4 kc_column kc_col-sm-4\"><div class=\"kc-col-container\"> <div class=\"icon-card text-center kc-elm kc-css-877450\"><figure class=\"icon-card-limn\">\n                            <i class=\"ion-android-options\"><\/i>\n                          <\/figure>\n                        <h3 class=\"card-title\">Forschungsdaten und Software<\/h3><p>All research data, software and the working papers detailing methods and implementation can be found in the Github repository.<\/p>\n<p><a href=\"https:\/\/github.com\/searchstudies\/aapvl\" target=\"_blank\">https:\/\/github.com\/searchstudies\/aapvl<\/a><\/p>\n\n                <\/div> <div class=\"icon-card text-center kc-elm kc-css-767131\"><figure class=\"icon-card-limn\">\n                            <i class=\"ion-ios-contact-outline\"><\/i>\n                          <\/figure>\n                        <h3 class=\"card-title\">Projektteam<\/h3><p><a href=\"https:\/\/searchstudies.org\/de\/team\/sebastian-suenkler\/\">Sebastian S\u00fcnkler<\/a><br \/>\n<a href=\"https:\/\/searchstudies.org\/de\/team\/dirk-lewandowski\/\">Dirk Lewandowski<\/a><br \/>\nMartin Holle<br \/>\nBoris Tolg<br \/>\nJan Fritsche<br \/>\nAlexandra Krewinkel<br \/>\nMareike Gleisner<br \/>\nDorle Osterode<br \/>\nNiklas Fink<\/p>\n\n                <\/div> <div class=\"icon-card text-center kc-elm kc-css-434939\"><figure class=\"icon-card-limn\">\n                            <i class=\"ion-ios-checkmark-outline\"><\/i>\n                          <\/figure>\n                        <h3 class=\"card-title\"><\/h3><p><b>Funded by the German Federal Ministry of Food and Agriculture, 2013-2018<\/b><\/p>\n\n                <\/div><\/div><\/div><\/div><\/div><\/section><\/p>","protected":false},"excerpt":{"rendered":"","protected":false},"author":1,"featured_media":250,"parent":2671,"menu_order":0,"comment_status":"closed","ping_status":"closed","template":"","meta":{"footnotes":"","_links_to":"","_links_to_target":""},"yoast_head":"<!-- This site is optimized with the Yoast SEO plugin v22.5 - https:\/\/yoast.com\/wordpress\/plugins\/seo\/ -->\n<title>AAPVL - Search Studies Research Group<\/title>\n<meta name=\"description\" content=\"Research project in which a software prototype to search the internet for product offers that violate food law was developed.\" \/>\n<meta name=\"robots\" content=\"index, follow, max-snippet:-1, max-image-preview:large, max-video-preview:-1\" \/>\n<link rel=\"canonical\" href=\"https:\/\/searchstudies.org\/de\/research\/aapvl\/\" \/>\n<meta property=\"og:locale\" content=\"de_DE\" \/>\n<meta property=\"og:type\" content=\"article\" \/>\n<meta property=\"og:title\" content=\"AAPVL - Search Studies Research Group\" \/>\n<meta property=\"og:description\" content=\"Research project in which a software prototype to search the internet for product offers that violate food law was developed.\" \/>\n<meta property=\"og:url\" content=\"https:\/\/searchstudies.org\/de\/research\/aapvl\/\" \/>\n<meta property=\"og:site_name\" content=\"Search Studies Research Group\" \/>\n<meta property=\"article:modified_time\" content=\"2021-06-08T17:24:07+00:00\" \/>\n<meta property=\"og:image\" content=\"https:\/\/searchstudies.org\/wp-content\/uploads\/2017\/08\/conf_talk-2.jpg\" \/>\n\t<meta property=\"og:image:width\" content=\"1923\" \/>\n\t<meta property=\"og:image:height\" content=\"450\" \/>\n\t<meta property=\"og:image:type\" content=\"image\/jpeg\" \/>\n<meta name=\"twitter:card\" content=\"summary_large_image\" \/>\n<meta name=\"twitter:label1\" content=\"Gesch\u00e4tzte Lesezeit\" \/>\n\t<meta name=\"twitter:data1\" content=\"2\u00a0Minuten\" \/>\n<script type=\"application\/ld+json\" class=\"yoast-schema-graph\">{\"@context\":\"https:\/\/schema.org\",\"@graph\":[{\"@type\":\"WebPage\",\"@id\":\"https:\/\/searchstudies.org\/research\/aapvl\/\",\"url\":\"https:\/\/searchstudies.org\/research\/aapvl\/\",\"name\":\"AAPVL - Search Studies Research Group\",\"isPartOf\":{\"@id\":\"http:\/\/searchstudies.org\/de\/#website\"},\"primaryImageOfPage\":{\"@id\":\"https:\/\/searchstudies.org\/research\/aapvl\/#primaryimage\"},\"image\":{\"@id\":\"https:\/\/searchstudies.org\/research\/aapvl\/#primaryimage\"},\"thumbnailUrl\":\"https:\/\/searchstudies.org\/wp-content\/uploads\/2017\/08\/conf_talk-2.jpg\",\"datePublished\":\"2020-11-26T16:07:25+00:00\",\"dateModified\":\"2021-06-08T17:24:07+00:00\",\"description\":\"Research project in which a software prototype to search the internet for product offers that violate food law was developed.\",\"breadcrumb\":{\"@id\":\"https:\/\/searchstudies.org\/research\/aapvl\/#breadcrumb\"},\"inLanguage\":\"de\",\"potentialAction\":[{\"@type\":\"ReadAction\",\"target\":[\"https:\/\/searchstudies.org\/research\/aapvl\/\"]}]},{\"@type\":\"ImageObject\",\"inLanguage\":\"de\",\"@id\":\"https:\/\/searchstudies.org\/research\/aapvl\/#primaryimage\",\"url\":\"https:\/\/searchstudies.org\/wp-content\/uploads\/2017\/08\/conf_talk-2.jpg\",\"contentUrl\":\"https:\/\/searchstudies.org\/wp-content\/uploads\/2017\/08\/conf_talk-2.jpg\",\"width\":1923,\"height\":450},{\"@type\":\"BreadcrumbList\",\"@id\":\"https:\/\/searchstudies.org\/research\/aapvl\/#breadcrumb\",\"itemListElement\":[{\"@type\":\"ListItem\",\"position\":1,\"name\":\"Home\",\"item\":\"https:\/\/searchstudies.org\/\"},{\"@type\":\"ListItem\",\"position\":2,\"name\":\"Research projects\",\"item\":\"https:\/\/searchstudies.org\/research\/\"},{\"@type\":\"ListItem\",\"position\":3,\"name\":\"AAPVL\"}]},{\"@type\":\"WebSite\",\"@id\":\"http:\/\/searchstudies.org\/de\/#website\",\"url\":\"http:\/\/searchstudies.org\/de\/\",\"name\":\"Search Studies Research Group\",\"description\":\"\",\"potentialAction\":[{\"@type\":\"SearchAction\",\"target\":{\"@type\":\"EntryPoint\",\"urlTemplate\":\"http:\/\/searchstudies.org\/de\/?s={search_term_string}\"},\"query-input\":\"required name=search_term_string\"}],\"inLanguage\":\"de\"}]}<\/script>\n<!-- \/ Yoast SEO plugin. -->","yoast_head_json":{"title":"AAPVL - Search Studies Research Group","description":"Research project in which a software prototype to search the internet for product offers that violate food law was developed.","robots":{"index":"index","follow":"follow","max-snippet":"max-snippet:-1","max-image-preview":"max-image-preview:large","max-video-preview":"max-video-preview:-1"},"canonical":"https:\/\/searchstudies.org\/de\/research\/aapvl\/","og_locale":"de_DE","og_type":"article","og_title":"AAPVL - Search Studies Research Group","og_description":"Research project in which a software prototype to search the internet for product offers that violate food law was developed.","og_url":"https:\/\/searchstudies.org\/de\/research\/aapvl\/","og_site_name":"Search Studies Research Group","article_modified_time":"2021-06-08T17:24:07+00:00","og_image":[{"width":1923,"height":450,"url":"https:\/\/searchstudies.org\/wp-content\/uploads\/2017\/08\/conf_talk-2.jpg","type":"image\/jpeg"}],"twitter_card":"summary_large_image","twitter_misc":{"Gesch\u00e4tzte Lesezeit":"2\u00a0Minuten"},"schema":{"@context":"https:\/\/schema.org","@graph":[{"@type":"WebPage","@id":"https:\/\/searchstudies.org\/research\/aapvl\/","url":"https:\/\/searchstudies.org\/research\/aapvl\/","name":"AAPVL - Search Studies Research Group","isPartOf":{"@id":"http:\/\/searchstudies.org\/de\/#website"},"primaryImageOfPage":{"@id":"https:\/\/searchstudies.org\/research\/aapvl\/#primaryimage"},"image":{"@id":"https:\/\/searchstudies.org\/research\/aapvl\/#primaryimage"},"thumbnailUrl":"https:\/\/searchstudies.org\/wp-content\/uploads\/2017\/08\/conf_talk-2.jpg","datePublished":"2020-11-26T16:07:25+00:00","dateModified":"2021-06-08T17:24:07+00:00","description":"Research project in which a software prototype to search the internet for product offers that violate food law was developed.","breadcrumb":{"@id":"https:\/\/searchstudies.org\/research\/aapvl\/#breadcrumb"},"inLanguage":"de","potentialAction":[{"@type":"ReadAction","target":["https:\/\/searchstudies.org\/research\/aapvl\/"]}]},{"@type":"ImageObject","inLanguage":"de","@id":"https:\/\/searchstudies.org\/research\/aapvl\/#primaryimage","url":"https:\/\/searchstudies.org\/wp-content\/uploads\/2017\/08\/conf_talk-2.jpg","contentUrl":"https:\/\/searchstudies.org\/wp-content\/uploads\/2017\/08\/conf_talk-2.jpg","width":1923,"height":450},{"@type":"BreadcrumbList","@id":"https:\/\/searchstudies.org\/research\/aapvl\/#breadcrumb","itemListElement":[{"@type":"ListItem","position":1,"name":"Home","item":"https:\/\/searchstudies.org\/"},{"@type":"ListItem","position":2,"name":"Research projects","item":"https:\/\/searchstudies.org\/research\/"},{"@type":"ListItem","position":3,"name":"AAPVL"}]},{"@type":"WebSite","@id":"http:\/\/searchstudies.org\/de\/#website","url":"http:\/\/searchstudies.org\/de\/","name":"Search Studies Research Group","description":"","potentialAction":[{"@type":"SearchAction","target":{"@type":"EntryPoint","urlTemplate":"http:\/\/searchstudies.org\/de\/?s={search_term_string}"},"query-input":"required name=search_term_string"}],"inLanguage":"de"}]}},"_links":{"self":[{"href":"https:\/\/searchstudies.org\/de\/wp-json\/wp\/v2\/pages\/3087"}],"collection":[{"href":"https:\/\/searchstudies.org\/de\/wp-json\/wp\/v2\/pages"}],"about":[{"href":"https:\/\/searchstudies.org\/de\/wp-json\/wp\/v2\/types\/page"}],"author":[{"embeddable":true,"href":"https:\/\/searchstudies.org\/de\/wp-json\/wp\/v2\/users\/1"}],"replies":[{"embeddable":true,"href":"https:\/\/searchstudies.org\/de\/wp-json\/wp\/v2\/comments?post=3087"}],"version-history":[{"count":17,"href":"https:\/\/searchstudies.org\/de\/wp-json\/wp\/v2\/pages\/3087\/revisions"}],"predecessor-version":[{"id":4241,"href":"https:\/\/searchstudies.org\/de\/wp-json\/wp\/v2\/pages\/3087\/revisions\/4241"}],"up":[{"embeddable":true,"href":"https:\/\/searchstudies.org\/de\/wp-json\/wp\/v2\/pages\/2671"}],"wp:featuredmedia":[{"embeddable":true,"href":"https:\/\/searchstudies.org\/de\/wp-json\/wp\/v2\/media\/250"}],"wp:attachment":[{"href":"https:\/\/searchstudies.org\/de\/wp-json\/wp\/v2\/media?parent=3087"}],"curies":[{"name":"wp","href":"https:\/\/api.w.org\/{rel}","templated":true}]}}