{"id":3770,"date":"2021-04-15T15:48:52","date_gmt":"2021-04-15T13:48:52","guid":{"rendered":"https:\/\/searchstudies.org\/?page_id=3770"},"modified":"2022-08-31T11:29:32","modified_gmt":"2022-08-31T09:29:32","slug":"open-web-index","status":"publish","type":"page","link":"https:\/\/searchstudies.org\/de\/research\/open-web-index\/","title":{"rendered":"Open Web Index"},"content":{"rendered":"<p><section class=\"kc-elm kc-css-524556 kc_row\"><div class=\"kc-row-container  kc-container\"><div class=\"kc-wrap-columns\"><div class=\"kc-elm kc-css-314097 kc_col-sm-12 kc_column kc_col-sm-12\"><div class=\"kc-col-container\"><div class=\"kc-elm kc-css-31351\" style=\"height: 40px; clear: both; width:100%;\"><\/div><\/div><\/div><\/div><\/div><\/section><section class=\"kc-elm kc-css-642286 kc_row\"><div class=\"kc-row-container  kc-container\"><div class=\"kc-wrap-columns\"><div class=\"kc-elm kc-css-635353 kc_col-sm-5 kc_column kc_col-sm-5\"><div class=\"kc-col-container\">\n<div class=\"kc-elm kc-css-851972 kc-title-wrap\">\n\n\t<h2 class=\"kc_title\">Open Web Index (OWI)<\/h2>\n<\/div>\n<\/div><\/div><div class=\"kc-elm kc-css-897736 kc_col-sm-7 kc_column kc_col-sm-7\"><div class=\"kc-col-container\"><div class=\"kc-elm kc-css-832338 kc_text_block\"><\/p>\n<p>Die Hauptidee des Open Web Index (OWI) liegt darin, einen \u00f6ffentlich finanzierten, global ausgerichteten und durchsuchbaren Index der Inhalte des Web zu erstellen und f\u00fcr konkurrierende Unternehmen, Institutionen und Akteure der Zivilgesellschaft verf\u00fcgbar zu machen. Der Open Web Index ist ein europ\u00e4ischer Ansatz, um eine konkurrenzf\u00e4hige und datensparsame digitale Infrastruktur zu schaffen. Das Ziel ist, die Basis f\u00fcr echten Wettbewerb bei den digitalen Plattformen zu schaffen.<\/p>\n<p>\n<\/div><\/div><\/div><\/div><\/div><\/section><section class=\"kc-elm kc-css-525322 kc_row\"><div class=\"kc-row-container  kc-container\"><div class=\"kc-wrap-columns\"><div class=\"kc-elm kc-css-26300 kc_col-sm-12 kc_column kc_col-sm-12\"><div class=\"kc-col-container\"><div class=\"kc-elm kc-css-281695\" style=\"height: 40px; clear: both; width:100%;\"><\/div><\/div><\/div><\/div><\/div><\/section><section class=\"kc-elm kc-css-190202 kc_row\"><div class=\"kc-row-container  kc-container\"><div class=\"kc-wrap-columns\"><div class=\"kc-elm kc-css-300037 kc_col-sm-3 kc_column kc_col-sm-3\"><div class=\"kc-col-container\"> <div class=\"icon-card text-center kc-elm kc-css-544128\"><figure class=\"icon-card-limn\">\n                            <i class=\"ion-ios-flower-outline\"><\/i>\n                          <\/figure>\n                        <h3 class=\"card-title\">Vision<\/h3><p>Eine \u00f6ffentlich zug\u00e4ngliche Bibliothek aller Web-Inhalte.<\/p>\n\n                <\/div><\/div><\/div><div class=\"kc-elm kc-css-625432 kc_col-sm-3 kc_column kc_col-sm-3\"><div class=\"kc-col-container\"> <div class=\"icon-card text-center kc-elm kc-css-136557\"><figure class=\"icon-card-limn\">\n                            <i class=\"ion-ios-lightbulb-outline\"><\/i>\n                          <\/figure>\n                        <h3 class=\"card-title\">Technische Idee<\/h3><p>Trennung des Index von den Services, die den Index nutzen.<\/p>\n\n                <\/div><\/div><\/div><div class=\"kc-elm kc-css-742499 kc_col-sm-3 kc_column kc_col-sm-3\"><div class=\"kc-col-container\"> <div class=\"icon-card text-center kc-elm kc-css-219383\"><figure class=\"icon-card-limn\">\n                            <i class=\"ion-ios-unlocked-outline\"><\/i>\n                          <\/figure>\n                        <h3 class=\"card-title\">\u00d6ffentlich und privat<\/h3><p>Der Index als \u00f6ffentliche Infrastruktur; die Services k\u00f6nnen kommerziell sein.<\/p>\n\n                <\/div><\/div><\/div><div class=\"kc-elm kc-css-303032 kc_col-sm-3 kc_column kc_col-sm-3\"><div class=\"kc-col-container\"> <div class=\"icon-card text-center kc-elm kc-css-986009\"><figure class=\"icon-card-limn\">\n                            <i class=\"ion-android-apps\"><\/i>\n                          <\/figure>\n                        <h3 class=\"card-title\">M\u00f6gliche Anwendungen<\/h3><p>Suchmaschinen, Analysetools, k\u00fcnstliche Intelligenz, ...<\/p>\n\n                <\/div><\/div><\/div><\/div><\/div><\/section><section class=\"kc-elm kc-css-481586 kc_row\"><div class=\"kc-row-container  kc-container\"><div class=\"kc-wrap-columns\"><div class=\"kc-elm kc-css-954993 kc_col-sm-12 kc_column kc_col-sm-12\"><div class=\"kc-col-container\"><div class=\"kc-elm kc-css-321958\" style=\"height: 40px; clear: both; width:100%;\"><\/div><\/div><\/div><\/div><\/div><\/section><section class=\"kc-elm kc-css-1078 kc_row\"><div class=\"kc-row-container  kc-container\"><div class=\"kc-wrap-columns\"><div class=\"kc-elm kc-css-194170 kc_col-sm-6 kc_column kc_col-sm-6\"><div class=\"kc-col-container\"><div class=\"kc-elm kc-css-43389 kc_text_block\"><\/p>\n<p><strong>Struktur: Trennung von Index und Services<\/strong><\/p>\n<p>Die Trennung von Index und Services erlaubt es einer Vielzahl von Services, auf einer gemeinsamen technischen Infrastruktur aufzusetzen. Bei den Services kann es sich um Suchmaschinen, aber auch um andere, an die wir heute noch gar nicht denken, handelt. In der Abbildung ist zu sehen, dass die \u00f6ffentliche Infrastruktur f\u00fcr das Web-Crawling, die Indexierung und f\u00fcr das Interface sowie Application Programming Interface, \u00fcber das die Services auf den Index zugreifen k\u00f6nnen, zust\u00e4ndig ist. Nutzungsdaten werden von den verschiedenen Services in anonymisierter Form geteilt, um die Vorteile des Lernens aus diesen Daten f\u00fcr alle Services nutzbar zu machen.<\/p>\n<\/p>\n<p><strong>M\u00f6gliche Anwendungen<\/strong><\/p>\n<p>In einem Web-Index werden unstrukturierte Daten, die verteilt in einer Vielzahl von Quellen vorliegen, geb\u00fcndelt und strukturiert nutzbar gemacht. Dies erm\u00f6glicht es, Services zu erstellen, die diese Daten f\u00fcr vielf\u00e4ltige Zwecke nutzen k\u00f6nnen.<\/p>\n<p>\n<\/div><\/div><\/div><div class=\"kc-elm kc-css-740389 kc_col-sm-6 kc_column kc_col-sm-6\"><div class=\"kc-col-container\"><div class=\"kc-elm kc-css-819598 kc_shortcode kc_single_image\">\n\n        <img decoding=\"async\" src=\"https:\/\/searchstudies.org\/wp-content\/uploads\/2021\/04\/structure.png\" class=\"\" alt=\"\" \/>    <\/div>\n<\/div><\/div><\/div><\/div><\/section><section class=\"kc-elm kc-css-437544 kc_row\"><div class=\"kc-row-container  kc-container\"><div class=\"kc-wrap-columns\"><div class=\"kc-elm kc-css-260206 kc_col-sm-12 kc_column kc_col-sm-12\"><div class=\"kc-col-container\"><div class=\"kc-elm kc-css-232802\" style=\"height: 40px; clear: both; width:100%;\"><\/div><\/div><\/div><\/div><\/div><\/section><section class=\"kc-elm kc-css-287431 kc_row\"><div class=\"kc-row-container  kc-container\"><div class=\"kc-wrap-columns\"><div class=\"kc-elm kc-css-910486 kc_col-sm-8 kc_column kc_col-sm-8\"><div class=\"kc-col-container\"> <div class=\"icon-card text-center kc-elm kc-css-775954\"><figure class=\"icon-card-limn\">\n                            <i class=\"ion-ios-paper-outline\"><\/i>\n                          <\/figure>\n                        <h3 class=\"card-title\">Publikationen<\/h3><p>Lewandowski, D. (2019).\u00a0<strong>The web is missing an essential part of infrastructure: An Open Web index<\/strong>. <em>Communications of the ACM<\/em>, 62(4), 24\u201324. <a href=\"https:\/\/doi.org\/10.1145\/3312479\" target=\"_blank\">https:\/\/doi.org\/10.1145\/3312479<\/a><\/p>\n<p>Lewandowski, D. (2016): <strong>Perspektiven eines Open Web Index<\/strong>. <em>Information Wissenschaft und Praxis<\/em> 67(2016)1, 15-21. <a href=\"https:\/\/doi.org\/10.1515\/iwp-2016-0020\" target=\"_blank\">https:\/\/doi.org\/10.1515\/iwp-2016-0020<\/a><\/p>\n<p>Lewandowski, D. (2014): <strong>Why we need an independent index of the Web<\/strong>. In: K\u00f6nig, R.; Rasch, M. (eds.): <em>Society of the Query Reader<\/em>. Amsterdam: INC, 2014, pp. 50-58.<\/p>\n\n                <\/div> <div class=\"icon-card text-center kc-elm kc-css-516646\"><figure class=\"icon-card-limn\">\n                            <i class=\"ion-ios-mic-outline\"><\/i>\n                          <\/figure>\n                        <h3 class=\"card-title\">Journalistische Arbeiten<\/h3><p>Stefan Krempl: <a href=\"https:\/\/www.heise.de\/hintergrund\/Missing-Link-Offener-Web-Index-soll-Europa-bei-der-Suche-unabhaengig-machen-7466867.html\" target=\"_blank\">Missing Link: Offener Web-Index soll Europa bei der Suche unabh\u00e4ngig machen<\/a>. Heise Online, 22 January 2023.<\/p>\n<p>Dirk Lewandowski, Jutta Haider & Olof Sundin: <a href=\"https:\/\/www.sydsvenskan.se\/2021-05-25\/stater-och-myndigheter-kan-inte-forlita-sig-pa-googles-goda-vilja\" target=\"_blank\">\u201dStater och myndigheter kan inte f\u00f6rlita sig p\u00e5 Googles goda vilja.\u201d<\/a> Sydsvenskan, 25 May 2021.<\/p>\n<p>Dirk Lewandowski and Olof Sundin: <a href=\"https:\/\/medium.com\/in-search-of-search\/how-an-open-web-index-could-help-solve-the-search-problem-41363b96158e\" target=\"_blank\">How an Open Web Index Could Help Solve the \"Search Problem\"<\/a>. Medium, 13 April 2021.<\/p>\n<p>Christian Kunz: <a href=\"https:\/\/www.seo-suedwest.de\/1333-open-web-index-europa-gegenmodell-google.html\" target=\"_blank\">Europ\u00e4isches Gegenmodell zu Google? Der Open Web Index<\/a>. SEO S\u00fcdwest, 8 November 2015.<\/p>\n<p>Dirk Lewandowski: <a href=\"https:\/\/irights.info\/artikel\/warum-wir-einen-freien-web-index-brauchen\/23017\" target=\"_blank\"> Warum wir einen freien Web-Index brauchen<\/a>. iRights.info, 12 May 2014.<\/p>\n\n                <\/div><\/div><\/div><div class=\"kc-elm kc-css-800225 kc_col-sm-4 kc_column kc_col-sm-4\"><div class=\"kc-col-container\"> <div class=\"icon-card text-center kc-elm kc-css-883245\"><figure class=\"icon-card-limn\">\n                            <i class=\"ion-ios-contact-outline\"><\/i>\n                          <\/figure>\n                        <h3 class=\"card-title\">Projektteam<\/h3><p><a href=\"https:\/\/searchstudies.org\/de\/team\/dirk-lewandowski\/\">Dirk Lewandowski<\/a><\/p>\n\n                <\/div> <div class=\"icon-card text-center kc-elm kc-css-318058\"><figure class=\"icon-card-limn\">\n                            <i class=\"ion-ios-information-outline\"><\/i>\n                          <\/figure>\n                        <h3 class=\"card-title\"><a href=\"\/de\/tag\/open-web-index\/\">Mehr Informationen im Blog<\/a><\/h3>\n                <\/div><\/div><\/div><\/div><\/div><\/section><\/p>","protected":false},"excerpt":{"rendered":"","protected":false},"author":3,"featured_media":250,"parent":2671,"menu_order":0,"comment_status":"closed","ping_status":"closed","template":"","meta":{"footnotes":"","_links_to":"","_links_to_target":""},"yoast_head":"<!-- This site is optimized with the Yoast SEO plugin v22.5 - https:\/\/yoast.com\/wordpress\/plugins\/seo\/ -->\n<title>Open Web Index - Search Studies Research Group<\/title>\n<meta name=\"description\" content=\"The Open Web Index is a European-based approach for a competitive and data-protecting digital infrastructure. It aims to build a basis for genuine competition in the digital platform business.\" \/>\n<meta name=\"robots\" content=\"index, follow, max-snippet:-1, max-image-preview:large, max-video-preview:-1\" \/>\n<link rel=\"canonical\" href=\"https:\/\/searchstudies.org\/de\/research\/open-web-index\/\" \/>\n<meta property=\"og:locale\" content=\"de_DE\" \/>\n<meta property=\"og:type\" content=\"article\" \/>\n<meta property=\"og:title\" content=\"Open Web Index - Search Studies Research Group\" \/>\n<meta property=\"og:description\" content=\"The Open Web Index is a European-based approach for a competitive and data-protecting digital infrastructure. It aims to build a basis for genuine competition in the digital platform business.\" \/>\n<meta property=\"og:url\" content=\"https:\/\/searchstudies.org\/de\/research\/open-web-index\/\" \/>\n<meta property=\"og:site_name\" content=\"Search Studies Research Group\" \/>\n<meta property=\"article:modified_time\" content=\"2022-08-31T09:29:32+00:00\" \/>\n<meta property=\"og:image\" content=\"https:\/\/searchstudies.org\/wp-content\/uploads\/2017\/08\/conf_talk-2.jpg\" \/>\n\t<meta property=\"og:image:width\" content=\"1923\" \/>\n\t<meta property=\"og:image:height\" content=\"450\" \/>\n\t<meta property=\"og:image:type\" content=\"image\/jpeg\" \/>\n<meta name=\"twitter:card\" content=\"summary_large_image\" \/>\n<meta name=\"twitter:label1\" content=\"Gesch\u00e4tzte Lesezeit\" \/>\n\t<meta name=\"twitter:data1\" content=\"2\u00a0Minuten\" \/>\n<script type=\"application\/ld+json\" class=\"yoast-schema-graph\">{\"@context\":\"https:\/\/schema.org\",\"@graph\":[{\"@type\":\"WebPage\",\"@id\":\"https:\/\/searchstudies.org\/research\/open-web-index\/\",\"url\":\"https:\/\/searchstudies.org\/research\/open-web-index\/\",\"name\":\"Open Web Index - Search Studies Research Group\",\"isPartOf\":{\"@id\":\"http:\/\/searchstudies.org\/de\/#website\"},\"primaryImageOfPage\":{\"@id\":\"https:\/\/searchstudies.org\/research\/open-web-index\/#primaryimage\"},\"image\":{\"@id\":\"https:\/\/searchstudies.org\/research\/open-web-index\/#primaryimage\"},\"thumbnailUrl\":\"https:\/\/searchstudies.org\/wp-content\/uploads\/2017\/08\/conf_talk-2.jpg\",\"datePublished\":\"2021-04-15T13:48:52+00:00\",\"dateModified\":\"2022-08-31T09:29:32+00:00\",\"description\":\"The Open Web Index is a European-based approach for a competitive and data-protecting digital infrastructure. It aims to build a basis for genuine competition in the digital platform business.\",\"breadcrumb\":{\"@id\":\"https:\/\/searchstudies.org\/research\/open-web-index\/#breadcrumb\"},\"inLanguage\":\"de\",\"potentialAction\":[{\"@type\":\"ReadAction\",\"target\":[\"https:\/\/searchstudies.org\/research\/open-web-index\/\"]}]},{\"@type\":\"ImageObject\",\"inLanguage\":\"de\",\"@id\":\"https:\/\/searchstudies.org\/research\/open-web-index\/#primaryimage\",\"url\":\"https:\/\/searchstudies.org\/wp-content\/uploads\/2017\/08\/conf_talk-2.jpg\",\"contentUrl\":\"https:\/\/searchstudies.org\/wp-content\/uploads\/2017\/08\/conf_talk-2.jpg\",\"width\":1923,\"height\":450},{\"@type\":\"BreadcrumbList\",\"@id\":\"https:\/\/searchstudies.org\/research\/open-web-index\/#breadcrumb\",\"itemListElement\":[{\"@type\":\"ListItem\",\"position\":1,\"name\":\"Home\",\"item\":\"https:\/\/searchstudies.org\/\"},{\"@type\":\"ListItem\",\"position\":2,\"name\":\"Research projects\",\"item\":\"https:\/\/searchstudies.org\/research\/\"},{\"@type\":\"ListItem\",\"position\":3,\"name\":\"Open Web Index\"}]},{\"@type\":\"WebSite\",\"@id\":\"http:\/\/searchstudies.org\/de\/#website\",\"url\":\"http:\/\/searchstudies.org\/de\/\",\"name\":\"Search Studies Research Group\",\"description\":\"\",\"potentialAction\":[{\"@type\":\"SearchAction\",\"target\":{\"@type\":\"EntryPoint\",\"urlTemplate\":\"http:\/\/searchstudies.org\/de\/?s={search_term_string}\"},\"query-input\":\"required name=search_term_string\"}],\"inLanguage\":\"de\"}]}<\/script>\n<!-- \/ Yoast SEO plugin. -->","yoast_head_json":{"title":"Open Web Index - Search Studies Research Group","description":"The Open Web Index is a European-based approach for a competitive and data-protecting digital infrastructure. It aims to build a basis for genuine competition in the digital platform business.","robots":{"index":"index","follow":"follow","max-snippet":"max-snippet:-1","max-image-preview":"max-image-preview:large","max-video-preview":"max-video-preview:-1"},"canonical":"https:\/\/searchstudies.org\/de\/research\/open-web-index\/","og_locale":"de_DE","og_type":"article","og_title":"Open Web Index - Search Studies Research Group","og_description":"The Open Web Index is a European-based approach for a competitive and data-protecting digital infrastructure. It aims to build a basis for genuine competition in the digital platform business.","og_url":"https:\/\/searchstudies.org\/de\/research\/open-web-index\/","og_site_name":"Search Studies Research Group","article_modified_time":"2022-08-31T09:29:32+00:00","og_image":[{"width":1923,"height":450,"url":"https:\/\/searchstudies.org\/wp-content\/uploads\/2017\/08\/conf_talk-2.jpg","type":"image\/jpeg"}],"twitter_card":"summary_large_image","twitter_misc":{"Gesch\u00e4tzte Lesezeit":"2\u00a0Minuten"},"schema":{"@context":"https:\/\/schema.org","@graph":[{"@type":"WebPage","@id":"https:\/\/searchstudies.org\/research\/open-web-index\/","url":"https:\/\/searchstudies.org\/research\/open-web-index\/","name":"Open Web Index - Search Studies Research Group","isPartOf":{"@id":"http:\/\/searchstudies.org\/de\/#website"},"primaryImageOfPage":{"@id":"https:\/\/searchstudies.org\/research\/open-web-index\/#primaryimage"},"image":{"@id":"https:\/\/searchstudies.org\/research\/open-web-index\/#primaryimage"},"thumbnailUrl":"https:\/\/searchstudies.org\/wp-content\/uploads\/2017\/08\/conf_talk-2.jpg","datePublished":"2021-04-15T13:48:52+00:00","dateModified":"2022-08-31T09:29:32+00:00","description":"The Open Web Index is a European-based approach for a competitive and data-protecting digital infrastructure. It aims to build a basis for genuine competition in the digital platform business.","breadcrumb":{"@id":"https:\/\/searchstudies.org\/research\/open-web-index\/#breadcrumb"},"inLanguage":"de","potentialAction":[{"@type":"ReadAction","target":["https:\/\/searchstudies.org\/research\/open-web-index\/"]}]},{"@type":"ImageObject","inLanguage":"de","@id":"https:\/\/searchstudies.org\/research\/open-web-index\/#primaryimage","url":"https:\/\/searchstudies.org\/wp-content\/uploads\/2017\/08\/conf_talk-2.jpg","contentUrl":"https:\/\/searchstudies.org\/wp-content\/uploads\/2017\/08\/conf_talk-2.jpg","width":1923,"height":450},{"@type":"BreadcrumbList","@id":"https:\/\/searchstudies.org\/research\/open-web-index\/#breadcrumb","itemListElement":[{"@type":"ListItem","position":1,"name":"Home","item":"https:\/\/searchstudies.org\/"},{"@type":"ListItem","position":2,"name":"Research projects","item":"https:\/\/searchstudies.org\/research\/"},{"@type":"ListItem","position":3,"name":"Open Web Index"}]},{"@type":"WebSite","@id":"http:\/\/searchstudies.org\/de\/#website","url":"http:\/\/searchstudies.org\/de\/","name":"Search Studies Research Group","description":"","potentialAction":[{"@type":"SearchAction","target":{"@type":"EntryPoint","urlTemplate":"http:\/\/searchstudies.org\/de\/?s={search_term_string}"},"query-input":"required name=search_term_string"}],"inLanguage":"de"}]}},"_links":{"self":[{"href":"https:\/\/searchstudies.org\/de\/wp-json\/wp\/v2\/pages\/3770"}],"collection":[{"href":"https:\/\/searchstudies.org\/de\/wp-json\/wp\/v2\/pages"}],"about":[{"href":"https:\/\/searchstudies.org\/de\/wp-json\/wp\/v2\/types\/page"}],"author":[{"embeddable":true,"href":"https:\/\/searchstudies.org\/de\/wp-json\/wp\/v2\/users\/3"}],"replies":[{"embeddable":true,"href":"https:\/\/searchstudies.org\/de\/wp-json\/wp\/v2\/comments?post=3770"}],"version-history":[{"count":42,"href":"https:\/\/searchstudies.org\/de\/wp-json\/wp\/v2\/pages\/3770\/revisions"}],"predecessor-version":[{"id":6352,"href":"https:\/\/searchstudies.org\/de\/wp-json\/wp\/v2\/pages\/3770\/revisions\/6352"}],"up":[{"embeddable":true,"href":"https:\/\/searchstudies.org\/de\/wp-json\/wp\/v2\/pages\/2671"}],"wp:featuredmedia":[{"embeddable":true,"href":"https:\/\/searchstudies.org\/de\/wp-json\/wp\/v2\/media\/250"}],"wp:attachment":[{"href":"https:\/\/searchstudies.org\/de\/wp-json\/wp\/v2\/media?parent=3770"}],"curies":[{"name":"wp","href":"https:\/\/api.w.org\/{rel}","templated":true}]}}