{"id":3801,"date":"2021-04-15T16:50:53","date_gmt":"2021-04-15T14:50:53","guid":{"rendered":"https:\/\/searchstudies.org\/?page_id=3801"},"modified":"2021-06-09T15:46:48","modified_gmt":"2021-06-09T13:46:48","slug":"search-ads","status":"publish","type":"page","link":"https:\/\/searchstudies.org\/de\/search-ads\/","title":{"rendered":"Search Ads"},"content":{"rendered":"<p><section class=\"kc-elm kc-css-214416 kc_row\"><div class=\"kc-row-container  kc-container\"><div class=\"kc-wrap-columns\"><div class=\"kc-elm kc-css-155198 kc_col-sm-12 kc_column kc_col-sm-12\"><div class=\"kc-col-container\"><div class=\"kc-elm kc-css-982658\" style=\"height: 40px; clear: both; width:100%;\"><\/div><\/div><\/div><\/div><\/div><\/section><section class=\"kc-elm kc-css-833217 kc_row\"><div class=\"kc-row-container  kc-container\"><div class=\"kc-wrap-columns\"><div class=\"kc-elm kc-css-504012 kc_col-sm-5 kc_column kc_col-sm-5\"><div class=\"kc-col-container\">\n<div class=\"kc-elm kc-css-140020 kc-title-wrap\">\n\n\t<h2 class=\"kc_title\">Search Ads<\/h2>\n<\/div>\n<\/div><\/div><div class=\"kc-elm kc-css-300094 kc_col-sm-7 kc_column kc_col-sm-7\"><div class=\"kc-col-container\"><div class=\"kc-elm kc-css-497535 kc_text_block\"><\/p>\n<p>Suchanzeigen k\u00f6nnen f\u00fcr die Suchanfrage eines Nutzers relevant sein und k\u00f6nnen als eine Art von Ergebnis angesehen werden. Das Problem bei dieser Form der Werbung ist jedoch, dass viele Nutzer nicht unbedingt zwischen diesen und den so genannten organischen Ergebnissen unterscheiden k\u00f6nnen, d. h. den Ergebnissen, die angezeigt werden, ohne dass das Suchmaschinenunternehmen daf\u00fcr bezahlt wird.<\/p>\n<\/p>\n<p>\n<\/div><\/div><\/div><\/div><\/div><\/section><section class=\"kc-elm kc-css-743517 kc_row\"><div class=\"kc-row-container  kc-container\"><div class=\"kc-wrap-columns\"><div class=\"kc-elm kc-css-406118 kc_col-sm-12 kc_column kc_col-sm-12\"><div class=\"kc-col-container\"><div class=\"kc-elm kc-css-93384\" style=\"height: 40px; clear: both; width:100%;\"><\/div><\/div><\/div><\/div><\/div><\/section><section class=\"kc-elm kc-css-672419 kc_row\"><div class=\"kc-row-container  kc-container\"><div class=\"kc-wrap-columns\"><div class=\"kc-elm kc-css-175044 kc_col-sm-3 kc_column kc_col-sm-3\"><div class=\"kc-col-container\"> <div class=\"icon-card text-center kc-elm kc-css-105364\"><figure class=\"icon-card-limn\">\n                            <i class=\"ion-ios-lightbulb-outline\"><\/i>\n                          <\/figure>\n                        <h3 class=\"card-title\">Relevanz<\/h3><p>Suchanzeigen k\u00f6nnen f\u00fcr die Suchanfragen der Nutzer relevant sein, da sie als Reaktion auf die Suchanfragen angezeigt werden.<\/p>\n\n                <\/div><\/div><\/div><div class=\"kc-elm kc-css-705602 kc_col-sm-3 kc_column kc_col-sm-3\"><div class=\"kc-col-container\"> <div class=\"icon-card text-center kc-elm kc-css-871495\"><figure class=\"icon-card-limn\">\n                            <i class=\"ion-ios-person-outline\"><\/i>\n                          <\/figure>\n                        <h3 class=\"card-title\">Wissen der Nutzer<\/h3><p>Viele Nutzer k\u00f6nnen nicht zwischen Anzeigen und den organischen Ergebnissen unterscheiden.<\/p>\n\n                <\/div><\/div><\/div><div class=\"kc-elm kc-css-875749 kc_col-sm-3 kc_column kc_col-sm-3\"><div class=\"kc-col-container\"> <div class=\"icon-card text-center kc-elm kc-css-827272\"><figure class=\"icon-card-limn\">\n                            <i class=\"ion-ios-arrow-thin-right\"><\/i>\n                          <\/figure>\n                        <h3 class=\"card-title\">Effekt<\/h3><p>Nutzer klicken auf Anzeigen in der Annahme, dass es sich dabei um organische, d. h. nicht bezahlte Ergebnisse handelt.<\/p>\n\n                <\/div><\/div><\/div><div class=\"kc-elm kc-css-453372 kc_col-sm-3 kc_column kc_col-sm-3\"><div class=\"kc-col-container\"> <div class=\"icon-card text-center kc-elm kc-css-499176\"><figure class=\"icon-card-limn\">\n                            <i class=\"ion-ios-flask-outline\"><\/i>\n                          <\/figure>\n                        <h3 class=\"card-title\">K\u00fcnftige Forschung<\/h3><p>Verst\u00e4ndnis der kommerziellen Einfl\u00fcsse auf das, was die Nutzer in Suchmaschinen sehen.<\/p>\n\n                <\/div><\/div><\/div><\/div><\/div><\/section><section class=\"kc-elm kc-css-694295 kc_row\"><div class=\"kc-row-container  kc-container\"><div class=\"kc-wrap-columns\"><div class=\"kc-elm kc-css-314995 kc_col-sm-12 kc_column kc_col-sm-12\"><div class=\"kc-col-container\"><div class=\"kc-elm kc-css-112204\" style=\"height: 40px; clear: both; width:100%;\"><\/div><\/div><\/div><\/div><\/div><\/section><section class=\"kc-elm kc-css-816019 kc_row\"><div class=\"kc-row-container  kc-container\"><div class=\"kc-wrap-columns\"><div class=\"kc-elm kc-css-625434 kc_col-sm-6 kc_column kc_col-sm-6\"><div class=\"kc-col-container\"><div class=\"kc-elm kc-css-89485 kc_text_block\"><\/p>\n<p>Wir untersuchen die Frage, wie kontextbezogene Werbung die Informationssuche beeinflusst, mit einer Kombination von Methoden: Wir f\u00fchrten eine Umfrage mit einer repr\u00e4sentativen Stichprobe der deutschen Online-Bev\u00f6lkerung durch, in der wir Fragen zum Verst\u00e4ndnis der Nutzer f\u00fcr Werbung in Google stellten (z.B. ob sie wissen, wie Google den gr\u00f6\u00dften Teil seiner Einnahmen generiert, wie man Anzeigen von organischen Ergebnissen unterscheiden kann) und kombinierten dies mit Aufgaben, bei denen die Teilnehmer Anzeigen oder organische Ergebnisse auf den ihnen angezeigten SERPs markieren mussten. Au\u00dferdem teilten wir die Teilnehmer in einer experimentellen Umgebung in zwei Gruppen ein. Beiden Gruppen wurden dieselben Suchergebnisse angezeigt, aber in einer Gruppe waren die ersten beiden Ergebnisse als Anzeigen gekennzeichnet, w\u00e4hrend in der anderen Gruppe nur organische Ergebnisse zu sehen waren.<\/p>\n<p>Wir haben festgestellt, dass die meisten Nutzer das Gesch\u00e4ftsmodell von Google nicht kennen und Anzeigen auf den SERPs nicht erkennen k\u00f6nnen. In den Experimenten klicken die Nutzer, die nicht \u00fcber Anzeigen Bescheid wissen, mehr als doppelt so oft auf die zuerst angezeigte Anzeige wie andere Nutzer. Das bedeutet, dass diese Anzeigenklicks keine informierten Entscheidungen sind, sondern die Nutzer sie in der Erwartung ausw\u00e4hlen, auf ein organisches Ergebnis zu klicken.<\/p>\n<p>In einer Eye-Tracking-Studie best\u00e4tigten wir die Ergebnisse der Studie und f\u00fcgten hinzu, dass Nutzer mit wenig Wissen \u00fcber Anzeigen weniger bereit sind, zu den organischen Ergebnissen herunterzuscrollen, und dass Anzeigen auf kleinen Bildschirmen (z. B. Smartphones) deutlich mehr visuelle Aufmerksamkeit erhalten als auf gro\u00dfen Bildschirmen (z. B. Desktop-PCs).<\/p>\n<p>\n<\/div><\/div><\/div><div class=\"kc-elm kc-css-351690 kc_col-sm-6 kc_column kc_col-sm-6\"><div class=\"kc-col-container\"><div class=\"kc-elm kc-css-132923 kc_shortcode kc_single_image\">\n\n        <img decoding=\"async\" src=\"https:\/\/searchstudies.org\/wp-content\/uploads\/2021\/05\/ads.png\" class=\"\" alt=\"\" \/>    <\/div>\n<\/div><\/div><\/div><\/div><\/section><section class=\"kc-elm kc-css-921881 kc_row\"><div class=\"kc-row-container  kc-container\"><div class=\"kc-wrap-columns\"><div class=\"kc-elm kc-css-832115 kc_col-sm-12 kc_column kc_col-sm-12\"><div class=\"kc-col-container\"><div class=\"kc-elm kc-css-347795\" style=\"height: 40px; clear: both; width:100%;\"><\/div><\/div><\/div><\/div><\/div><\/section><section class=\"kc-elm kc-css-549898 kc_row\"><div class=\"kc-row-container  kc-container\"><div class=\"kc-wrap-columns\"><div class=\"kc-elm kc-css-740719 kc_col-sm-8 kc_column kc_col-sm-8\"><div class=\"kc-col-container\"> <div class=\"icon-card text-center kc-elm kc-css-461325\"><figure class=\"icon-card-limn\">\n                            <i class=\"ion-ios-paper-outline\"><\/i>\n                          <\/figure>\n                        <h3 class=\"card-title\">Publikationen<\/h3><p>Schulthei\u00df, S.; Lewandowski, D. (2021): How users\u2019 knowledge of advertisements influences their viewing and selection behaviour in search engines. Journal of the Association for Information Science and Technology 72(3), 285-301. <a href=\"https:\/\/doi.org\/10.1002\/asi.24410\" target=\"_blank\">https:\/\/doi.org\/10.1002\/asi.24410<\/a><br \/>\nLewandowski, D., S\u00fcnkler, S., & Hanisch, F. (2019). Anzeigenkennzeichnung auf Suchergebnisseiten. Empirische Ergebnisse und Implikationen f\u00fcr die Forschung. In: Information \u2013 Wissenschaft & Praxis 70 (1), 3-13. <a href=\"https:\/\/doi.org\/10.1515\/iwp-2019-0001\" target=\"_blank\">https:\/\/doi.org\/10.1515\/iwp-2019-0001<\/a><br \/>\nLewandowski, D.; Kerkmann, F.; R\u00fcmmele, S.; S\u00fcnkler, S.: An empirical investigation on search engine ad disclosure. Journal of the Association for Information Science and Technology 69(2018)3, 420-437. <a href=\"https:\/\/doi.org\/10.1002\/asi.23963\" target=\"_blank\">https:\/\/doi.org\/10.1002\/asi.23963<\/a><br \/>\nLewandowski, D.: Users\u2019 Understanding of Search Engine Advertising. Journal of Information Science Theory and Practice 5(2017)4, 6-25. <a href=\"https:\/\/doi.org\/10.1633\/JISTaP.2017.5.4.1\" target=\"_blank\">https:\/\/doi.org\/10.1633\/JISTaP.2017.5.4.1<\/a><br \/>\nLewandowski, D. (2022). Search Engine Advertising. In: Diskursmonitor. <a href=\"https:\/\/diskursmonitor.de\/glossar\/search-engine-advertising\/\" target=\"\u201e_blank\"\">https:\/\/diskursmonitor.de\/glossar\/search-engine-advertising\/\/<\/a><\/p>\n\n                <\/div><\/div><\/div><div class=\"kc-elm kc-css-864406 kc_col-sm-4 kc_column kc_col-sm-4\"><div class=\"kc-col-container\"> <div class=\"icon-card text-center kc-elm kc-css-181678\"><figure class=\"icon-card-limn\">\n                            <i class=\"ion-ios-contact-outline\"><\/i>\n                          <\/figure>\n                        <h3 class=\"card-title\">Projekt team<\/h3><p><a href=\"https:\/\/searchstudies.org\/de\/team\/dirk-lewandowski\/\">Dirk Lewandowski<\/a><br \/>\n<a href=\"https:\/\/searchstudies.org\/de\/team\/sebastian-suenkler\/\">Sebastian S\u00fcnkler<\/a><br \/>\n<a href=\"\/de\/team\/sebastian-schultheiss\/\">Sebastian Schulthei\u00df<\/a><\/p>\n\n                <\/div><\/div><\/div><\/div><\/div><\/section><section class=\"kc-elm kc-css-735748 kc_row\"><div class=\"kc-row-container  kc-container\"><div class=\"kc-wrap-columns\"><div class=\"kc-elm kc-css-301157 kc_col-sm-12 kc_column kc_col-sm-12\"><div class=\"kc-col-container\"><div class=\"kc-elm kc-css-480696\" style=\"height: 40px; clear: both; width:100%;\"><\/div><\/div><\/div><\/div><\/div><\/section><\/p>","protected":false},"excerpt":{"rendered":"","protected":false},"author":3,"featured_media":250,"parent":0,"menu_order":0,"comment_status":"closed","ping_status":"closed","template":"","meta":{"footnotes":"","_links_to":"","_links_to_target":""},"yoast_head":"<!-- This site is optimized with the Yoast SEO plugin v22.5 - https:\/\/yoast.com\/wordpress\/plugins\/seo\/ -->\n<title>Search Ads - Search Studies Research Group<\/title>\n<meta name=\"description\" content=\"Research project on users&#039; understanding of advertisements in commercial search engines.\" \/>\n<meta name=\"robots\" content=\"index, follow, max-snippet:-1, max-image-preview:large, max-video-preview:-1\" \/>\n<link rel=\"canonical\" href=\"https:\/\/searchstudies.org\/de\/search-ads\/\" \/>\n<meta property=\"og:locale\" content=\"de_DE\" \/>\n<meta property=\"og:type\" content=\"article\" \/>\n<meta property=\"og:title\" content=\"Search Ads - Search Studies Research Group\" \/>\n<meta property=\"og:description\" content=\"Research project on users&#039; understanding of advertisements in commercial search engines.\" \/>\n<meta property=\"og:url\" content=\"https:\/\/searchstudies.org\/de\/search-ads\/\" \/>\n<meta property=\"og:site_name\" content=\"Search Studies Research Group\" \/>\n<meta property=\"article:modified_time\" content=\"2021-06-09T13:46:48+00:00\" \/>\n<meta property=\"og:image\" content=\"https:\/\/searchstudies.org\/wp-content\/uploads\/2017\/08\/conf_talk-2.jpg\" \/>\n\t<meta property=\"og:image:width\" content=\"1923\" \/>\n\t<meta property=\"og:image:height\" content=\"450\" \/>\n\t<meta property=\"og:image:type\" content=\"image\/jpeg\" \/>\n<meta name=\"twitter:card\" content=\"summary_large_image\" \/>\n<meta name=\"twitter:label1\" content=\"Gesch\u00e4tzte Lesezeit\" \/>\n\t<meta name=\"twitter:data1\" content=\"2\u00a0Minuten\" \/>\n<script type=\"application\/ld+json\" class=\"yoast-schema-graph\">{\"@context\":\"https:\/\/schema.org\",\"@graph\":[{\"@type\":\"WebPage\",\"@id\":\"https:\/\/searchstudies.org\/search-ads\/\",\"url\":\"https:\/\/searchstudies.org\/search-ads\/\",\"name\":\"Search Ads - Search Studies Research Group\",\"isPartOf\":{\"@id\":\"http:\/\/searchstudies.org\/de\/#website\"},\"primaryImageOfPage\":{\"@id\":\"https:\/\/searchstudies.org\/search-ads\/#primaryimage\"},\"image\":{\"@id\":\"https:\/\/searchstudies.org\/search-ads\/#primaryimage\"},\"thumbnailUrl\":\"https:\/\/searchstudies.org\/wp-content\/uploads\/2017\/08\/conf_talk-2.jpg\",\"datePublished\":\"2021-04-15T14:50:53+00:00\",\"dateModified\":\"2021-06-09T13:46:48+00:00\",\"description\":\"Research project on users' understanding of advertisements in commercial search engines.\",\"breadcrumb\":{\"@id\":\"https:\/\/searchstudies.org\/search-ads\/#breadcrumb\"},\"inLanguage\":\"de\",\"potentialAction\":[{\"@type\":\"ReadAction\",\"target\":[\"https:\/\/searchstudies.org\/search-ads\/\"]}]},{\"@type\":\"ImageObject\",\"inLanguage\":\"de\",\"@id\":\"https:\/\/searchstudies.org\/search-ads\/#primaryimage\",\"url\":\"https:\/\/searchstudies.org\/wp-content\/uploads\/2017\/08\/conf_talk-2.jpg\",\"contentUrl\":\"https:\/\/searchstudies.org\/wp-content\/uploads\/2017\/08\/conf_talk-2.jpg\",\"width\":1923,\"height\":450},{\"@type\":\"BreadcrumbList\",\"@id\":\"https:\/\/searchstudies.org\/search-ads\/#breadcrumb\",\"itemListElement\":[{\"@type\":\"ListItem\",\"position\":1,\"name\":\"Home\",\"item\":\"https:\/\/searchstudies.org\/\"},{\"@type\":\"ListItem\",\"position\":2,\"name\":\"Search Ads\"}]},{\"@type\":\"WebSite\",\"@id\":\"http:\/\/searchstudies.org\/de\/#website\",\"url\":\"http:\/\/searchstudies.org\/de\/\",\"name\":\"Search Studies Research Group\",\"description\":\"\",\"potentialAction\":[{\"@type\":\"SearchAction\",\"target\":{\"@type\":\"EntryPoint\",\"urlTemplate\":\"http:\/\/searchstudies.org\/de\/?s={search_term_string}\"},\"query-input\":\"required name=search_term_string\"}],\"inLanguage\":\"de\"}]}<\/script>\n<!-- \/ Yoast SEO plugin. -->","yoast_head_json":{"title":"Search Ads - Search Studies Research Group","description":"Research project on users' understanding of advertisements in commercial search engines.","robots":{"index":"index","follow":"follow","max-snippet":"max-snippet:-1","max-image-preview":"max-image-preview:large","max-video-preview":"max-video-preview:-1"},"canonical":"https:\/\/searchstudies.org\/de\/search-ads\/","og_locale":"de_DE","og_type":"article","og_title":"Search Ads - Search Studies Research Group","og_description":"Research project on users' understanding of advertisements in commercial search engines.","og_url":"https:\/\/searchstudies.org\/de\/search-ads\/","og_site_name":"Search Studies Research Group","article_modified_time":"2021-06-09T13:46:48+00:00","og_image":[{"width":1923,"height":450,"url":"https:\/\/searchstudies.org\/wp-content\/uploads\/2017\/08\/conf_talk-2.jpg","type":"image\/jpeg"}],"twitter_card":"summary_large_image","twitter_misc":{"Gesch\u00e4tzte Lesezeit":"2\u00a0Minuten"},"schema":{"@context":"https:\/\/schema.org","@graph":[{"@type":"WebPage","@id":"https:\/\/searchstudies.org\/search-ads\/","url":"https:\/\/searchstudies.org\/search-ads\/","name":"Search Ads - Search Studies Research Group","isPartOf":{"@id":"http:\/\/searchstudies.org\/de\/#website"},"primaryImageOfPage":{"@id":"https:\/\/searchstudies.org\/search-ads\/#primaryimage"},"image":{"@id":"https:\/\/searchstudies.org\/search-ads\/#primaryimage"},"thumbnailUrl":"https:\/\/searchstudies.org\/wp-content\/uploads\/2017\/08\/conf_talk-2.jpg","datePublished":"2021-04-15T14:50:53+00:00","dateModified":"2021-06-09T13:46:48+00:00","description":"Research project on users' understanding of advertisements in commercial search engines.","breadcrumb":{"@id":"https:\/\/searchstudies.org\/search-ads\/#breadcrumb"},"inLanguage":"de","potentialAction":[{"@type":"ReadAction","target":["https:\/\/searchstudies.org\/search-ads\/"]}]},{"@type":"ImageObject","inLanguage":"de","@id":"https:\/\/searchstudies.org\/search-ads\/#primaryimage","url":"https:\/\/searchstudies.org\/wp-content\/uploads\/2017\/08\/conf_talk-2.jpg","contentUrl":"https:\/\/searchstudies.org\/wp-content\/uploads\/2017\/08\/conf_talk-2.jpg","width":1923,"height":450},{"@type":"BreadcrumbList","@id":"https:\/\/searchstudies.org\/search-ads\/#breadcrumb","itemListElement":[{"@type":"ListItem","position":1,"name":"Home","item":"https:\/\/searchstudies.org\/"},{"@type":"ListItem","position":2,"name":"Search Ads"}]},{"@type":"WebSite","@id":"http:\/\/searchstudies.org\/de\/#website","url":"http:\/\/searchstudies.org\/de\/","name":"Search Studies Research Group","description":"","potentialAction":[{"@type":"SearchAction","target":{"@type":"EntryPoint","urlTemplate":"http:\/\/searchstudies.org\/de\/?s={search_term_string}"},"query-input":"required name=search_term_string"}],"inLanguage":"de"}]}},"_links":{"self":[{"href":"https:\/\/searchstudies.org\/de\/wp-json\/wp\/v2\/pages\/3801"}],"collection":[{"href":"https:\/\/searchstudies.org\/de\/wp-json\/wp\/v2\/pages"}],"about":[{"href":"https:\/\/searchstudies.org\/de\/wp-json\/wp\/v2\/types\/page"}],"author":[{"embeddable":true,"href":"https:\/\/searchstudies.org\/de\/wp-json\/wp\/v2\/users\/3"}],"replies":[{"embeddable":true,"href":"https:\/\/searchstudies.org\/de\/wp-json\/wp\/v2\/comments?post=3801"}],"version-history":[{"count":13,"href":"https:\/\/searchstudies.org\/de\/wp-json\/wp\/v2\/pages\/3801\/revisions"}],"predecessor-version":[{"id":6590,"href":"https:\/\/searchstudies.org\/de\/wp-json\/wp\/v2\/pages\/3801\/revisions\/6590"}],"wp:featuredmedia":[{"embeddable":true,"href":"https:\/\/searchstudies.org\/de\/wp-json\/wp\/v2\/media\/250"}],"wp:attachment":[{"href":"https:\/\/searchstudies.org\/de\/wp-json\/wp\/v2\/media?parent=3801"}],"curies":[{"name":"wp","href":"https:\/\/api.w.org\/{rel}","templated":true}]}}