{"id":6522,"date":"2023-04-24T14:10:39","date_gmt":"2023-04-24T12:10:39","guid":{"rendered":"https:\/\/searchstudies.org\/?page_id=6522"},"modified":"2023-04-24T14:35:09","modified_gmt":"2023-04-24T12:35:09","slug":"search-engine-poster","status":"publish","type":"page","link":"https:\/\/searchstudies.org\/de\/outreach\/search-engine-poster\/","title":{"rendered":"Suchmaschinenposter"},"content":{"rendered":"<p><section class=\"kc-elm kc-css-14689 kc_row\"><div class=\"kc-row-container  kc-container\"><div class=\"kc-wrap-columns\"><div class=\"kc-elm kc-css-306826 kc_col-sm-12 kc_column kc_col-sm-12\"><div class=\"kc-col-container\"> <article class=\"sabbi-thumlinepost-card solitude-bg__x kc-elm kc-css-109218\"><figure class=\"sabbi-thumlinepost-card-figure\">\n                           <img loading=\"lazy\" decoding=\"async\" width=\"4961\" height=\"2481\" src=\"https:\/\/searchstudies.org\/wp-content\/uploads\/2020\/04\/haw_suchmaschinen-grafik.png\" class=\"img-responsive img-thumpost\" alt=\"\" srcset=\"https:\/\/searchstudies.org\/wp-content\/uploads\/2020\/04\/haw_suchmaschinen-grafik.png 4961w, https:\/\/searchstudies.org\/wp-content\/uploads\/2020\/04\/haw_suchmaschinen-grafik-300x150.png 300w, https:\/\/searchstudies.org\/wp-content\/uploads\/2020\/04\/haw_suchmaschinen-grafik-1024x512.png 1024w, https:\/\/searchstudies.org\/wp-content\/uploads\/2020\/04\/haw_suchmaschinen-grafik-768x384.png 768w, https:\/\/searchstudies.org\/wp-content\/uploads\/2020\/04\/haw_suchmaschinen-grafik-1536x768.png 1536w, https:\/\/searchstudies.org\/wp-content\/uploads\/2020\/04\/haw_suchmaschinen-grafik-2048x1024.png 2048w\" sizes=\"(max-width: 4961px) 100vw, 4961px\" \/>\n                          <\/figure><div class=\"sabbi-thumlinepost-card-meta\">\n                        <h2 class=\"info-box-title ht-5\"><\/h2><\/div>\n                <\/article><\/div><\/div><\/div><\/div><\/section><section class=\"kc-elm kc-css-296858 kc_row\"><div class=\"kc-row-container  kc-container\"><div class=\"kc-wrap-columns\"><div class=\"kc-elm kc-css-954717 kc_column kc_col-sm-12\"><div class=\"kc-col-container\"><div class=\"kc-elm kc-css-92928 kc_text_block\"><\/p>\n<p style=\"caret-color: #444444;\">Das Poster zur Geschichte der Suchmaschinen ist im Rahmen eines studentischen Projektseminars unter der Leitung von Prof. Dr. Dirk Lewandowski und Friederike Hanisch\u00a0entstanden. Es beschreibt die Geschichte der Suchmaschinen auf unterschiedlichen Ebenen, von technischen bis hin zu gesellschaftlichen Entwicklungen. Der Fokus der Darstellung ist international; besonders ber\u00fccksichtigt wird aber die Entwicklung in Deutschland.<\/p>\n<p style=\"caret-color: #444444;\">Sie k\u00f6nnen das Poster hier herunterladen:<\/p>\n<p style=\"caret-color: #444444;\">Version 1:\u00a0<a href=\"https:\/\/searchstudies.org\/wp-content\/uploads\/2022\/01\/haw_suchmaschinen-grafik.pdf\">Suchmaschinenposter<\/a>\u00a0Gesamtgrafik (zum professionellen Posterdruck)<\/p>\n<p style=\"caret-color: #444444;\">Version 2:\u00a0<a href=\"https:\/\/searchstudies.org\/wp-content\/uploads\/2022\/01\/haw_suchmaschinen-grafik_A0hoch.pdf\">Format A0 hoch<\/a>\u00a0(zum Ausdruck auf einem normalen Drucker und anschlie\u00dfendem Zusammenbasteln)<\/p>\n<p style=\"caret-color: #444444;\">Version 3:\u00a0<a href=\"https:\/\/searchstudies.org\/wp-content\/uploads\/2022\/01\/haw_suchmaschinen-grafik_A0breit.pdf\">Format A0 quer<\/a>\u00a0(zum Ausdruck auf einem normalen Drucker und anschlie\u00dfendem Zusammenbasteln)<\/p>\n<p style=\"caret-color: #444444;\">Universit\u00e4ten, Hochschulen, Bibliotheken und anderen Einrichtungen stellen wir das Poster im Format 140 cm Breite mal 70 cm H\u00f6he gerne kostenlos zur Verf\u00fcgung (solange der Vorrat reicht). Bitte wenden Sie sich an Prof. Dr.\u00a0<a href=\"mailto:dirk.lewandowski@haw-hamburg.de\">dirk.lewandowski@haw-hamburg.de<\/a>.<\/p>\n<p>\n<\/div><\/div><\/div><\/div><\/div><\/section><\/p>","protected":false},"excerpt":{"rendered":"","protected":false},"author":6,"featured_media":250,"parent":6503,"menu_order":0,"comment_status":"closed","ping_status":"closed","template":"","meta":{"footnotes":"","_links_to":"","_links_to_target":""},"yoast_head":"<!-- This site is optimized with the Yoast SEO plugin v22.5 - https:\/\/yoast.com\/wordpress\/plugins\/seo\/ -->\n<title>Search engine poster (DE) - Search Studies Research Group<\/title>\n<meta name=\"robots\" content=\"index, follow, max-snippet:-1, max-image-preview:large, max-video-preview:-1\" \/>\n<link rel=\"canonical\" href=\"https:\/\/searchstudies.org\/de\/outreach\/search-engine-poster\/\" \/>\n<meta property=\"og:locale\" content=\"de_DE\" \/>\n<meta property=\"og:type\" content=\"article\" \/>\n<meta property=\"og:title\" content=\"Search engine poster (DE) - Search Studies Research Group\" \/>\n<meta property=\"og:description\" content=\"Das Poster zur Geschichte der Suchmaschinen ist im Rahmen eines studentischen Projektseminars unter der Leitung von Prof. Dr. Dirk Lewandowski und Friederike Hanisch\u00a0entstanden. Es beschreibt die Geschichte der Suchmaschinen auf unterschiedlichen Ebenen, von technischen bis hin zu gesellschaftlichen Entwicklungen. Der Fokus der Darstellung ist international; besonders ber\u00fccksichtigt wird aber die Entwicklung in Deutschland. Sie k\u00f6nnen [&hellip;]\" \/>\n<meta property=\"og:url\" content=\"https:\/\/searchstudies.org\/de\/outreach\/search-engine-poster\/\" \/>\n<meta property=\"og:site_name\" content=\"Search Studies Research Group\" \/>\n<meta property=\"article:modified_time\" content=\"2023-04-24T12:35:09+00:00\" \/>\n<meta property=\"og:image\" content=\"https:\/\/searchstudies.org\/wp-content\/uploads\/2017\/08\/conf_talk-2.jpg\" \/>\n\t<meta property=\"og:image:width\" content=\"1923\" \/>\n\t<meta property=\"og:image:height\" content=\"450\" \/>\n\t<meta property=\"og:image:type\" content=\"image\/jpeg\" \/>\n<meta name=\"twitter:card\" content=\"summary_large_image\" \/>\n<meta name=\"twitter:label1\" content=\"Gesch\u00e4tzte Lesezeit\" \/>\n\t<meta name=\"twitter:data1\" content=\"1\u00a0Minute\" \/>\n<script type=\"application\/ld+json\" class=\"yoast-schema-graph\">{\"@context\":\"https:\/\/schema.org\",\"@graph\":[{\"@type\":\"WebPage\",\"@id\":\"https:\/\/searchstudies.org\/outreach\/search-engine-poster\/\",\"url\":\"https:\/\/searchstudies.org\/outreach\/search-engine-poster\/\",\"name\":\"Search engine poster (DE) - Search Studies Research Group\",\"isPartOf\":{\"@id\":\"http:\/\/searchstudies.org\/de\/#website\"},\"primaryImageOfPage\":{\"@id\":\"https:\/\/searchstudies.org\/outreach\/search-engine-poster\/#primaryimage\"},\"image\":{\"@id\":\"https:\/\/searchstudies.org\/outreach\/search-engine-poster\/#primaryimage\"},\"thumbnailUrl\":\"https:\/\/searchstudies.org\/wp-content\/uploads\/2017\/08\/conf_talk-2.jpg\",\"datePublished\":\"2023-04-24T12:10:39+00:00\",\"dateModified\":\"2023-04-24T12:35:09+00:00\",\"breadcrumb\":{\"@id\":\"https:\/\/searchstudies.org\/outreach\/search-engine-poster\/#breadcrumb\"},\"inLanguage\":\"de\",\"potentialAction\":[{\"@type\":\"ReadAction\",\"target\":[\"https:\/\/searchstudies.org\/outreach\/search-engine-poster\/\"]}]},{\"@type\":\"ImageObject\",\"inLanguage\":\"de\",\"@id\":\"https:\/\/searchstudies.org\/outreach\/search-engine-poster\/#primaryimage\",\"url\":\"https:\/\/searchstudies.org\/wp-content\/uploads\/2017\/08\/conf_talk-2.jpg\",\"contentUrl\":\"https:\/\/searchstudies.org\/wp-content\/uploads\/2017\/08\/conf_talk-2.jpg\",\"width\":1923,\"height\":450},{\"@type\":\"BreadcrumbList\",\"@id\":\"https:\/\/searchstudies.org\/outreach\/search-engine-poster\/#breadcrumb\",\"itemListElement\":[{\"@type\":\"ListItem\",\"position\":1,\"name\":\"Home\",\"item\":\"https:\/\/searchstudies.org\/\"},{\"@type\":\"ListItem\",\"position\":2,\"name\":\"Outreach\",\"item\":\"https:\/\/searchstudies.org\/outreach\/\"},{\"@type\":\"ListItem\",\"position\":3,\"name\":\"Search engine poster (DE)\"}]},{\"@type\":\"WebSite\",\"@id\":\"http:\/\/searchstudies.org\/de\/#website\",\"url\":\"http:\/\/searchstudies.org\/de\/\",\"name\":\"Search Studies Research Group\",\"description\":\"\",\"potentialAction\":[{\"@type\":\"SearchAction\",\"target\":{\"@type\":\"EntryPoint\",\"urlTemplate\":\"http:\/\/searchstudies.org\/de\/?s={search_term_string}\"},\"query-input\":\"required name=search_term_string\"}],\"inLanguage\":\"de\"}]}<\/script>\n<!-- \/ Yoast SEO plugin. -->","yoast_head_json":{"title":"Search engine poster (DE) - Search Studies Research Group","robots":{"index":"index","follow":"follow","max-snippet":"max-snippet:-1","max-image-preview":"max-image-preview:large","max-video-preview":"max-video-preview:-1"},"canonical":"https:\/\/searchstudies.org\/de\/outreach\/search-engine-poster\/","og_locale":"de_DE","og_type":"article","og_title":"Search engine poster (DE) - Search Studies Research Group","og_description":"Das Poster zur Geschichte der Suchmaschinen ist im Rahmen eines studentischen Projektseminars unter der Leitung von Prof. Dr. Dirk Lewandowski und Friederike Hanisch\u00a0entstanden. Es beschreibt die Geschichte der Suchmaschinen auf unterschiedlichen Ebenen, von technischen bis hin zu gesellschaftlichen Entwicklungen. Der Fokus der Darstellung ist international; besonders ber\u00fccksichtigt wird aber die Entwicklung in Deutschland. Sie k\u00f6nnen [&hellip;]","og_url":"https:\/\/searchstudies.org\/de\/outreach\/search-engine-poster\/","og_site_name":"Search Studies Research Group","article_modified_time":"2023-04-24T12:35:09+00:00","og_image":[{"width":1923,"height":450,"url":"https:\/\/searchstudies.org\/wp-content\/uploads\/2017\/08\/conf_talk-2.jpg","type":"image\/jpeg"}],"twitter_card":"summary_large_image","twitter_misc":{"Gesch\u00e4tzte Lesezeit":"1\u00a0Minute"},"schema":{"@context":"https:\/\/schema.org","@graph":[{"@type":"WebPage","@id":"https:\/\/searchstudies.org\/outreach\/search-engine-poster\/","url":"https:\/\/searchstudies.org\/outreach\/search-engine-poster\/","name":"Search engine poster (DE) - Search Studies Research Group","isPartOf":{"@id":"http:\/\/searchstudies.org\/de\/#website"},"primaryImageOfPage":{"@id":"https:\/\/searchstudies.org\/outreach\/search-engine-poster\/#primaryimage"},"image":{"@id":"https:\/\/searchstudies.org\/outreach\/search-engine-poster\/#primaryimage"},"thumbnailUrl":"https:\/\/searchstudies.org\/wp-content\/uploads\/2017\/08\/conf_talk-2.jpg","datePublished":"2023-04-24T12:10:39+00:00","dateModified":"2023-04-24T12:35:09+00:00","breadcrumb":{"@id":"https:\/\/searchstudies.org\/outreach\/search-engine-poster\/#breadcrumb"},"inLanguage":"de","potentialAction":[{"@type":"ReadAction","target":["https:\/\/searchstudies.org\/outreach\/search-engine-poster\/"]}]},{"@type":"ImageObject","inLanguage":"de","@id":"https:\/\/searchstudies.org\/outreach\/search-engine-poster\/#primaryimage","url":"https:\/\/searchstudies.org\/wp-content\/uploads\/2017\/08\/conf_talk-2.jpg","contentUrl":"https:\/\/searchstudies.org\/wp-content\/uploads\/2017\/08\/conf_talk-2.jpg","width":1923,"height":450},{"@type":"BreadcrumbList","@id":"https:\/\/searchstudies.org\/outreach\/search-engine-poster\/#breadcrumb","itemListElement":[{"@type":"ListItem","position":1,"name":"Home","item":"https:\/\/searchstudies.org\/"},{"@type":"ListItem","position":2,"name":"Outreach","item":"https:\/\/searchstudies.org\/outreach\/"},{"@type":"ListItem","position":3,"name":"Search engine poster (DE)"}]},{"@type":"WebSite","@id":"http:\/\/searchstudies.org\/de\/#website","url":"http:\/\/searchstudies.org\/de\/","name":"Search Studies Research Group","description":"","potentialAction":[{"@type":"SearchAction","target":{"@type":"EntryPoint","urlTemplate":"http:\/\/searchstudies.org\/de\/?s={search_term_string}"},"query-input":"required name=search_term_string"}],"inLanguage":"de"}]}},"_links":{"self":[{"href":"https:\/\/searchstudies.org\/de\/wp-json\/wp\/v2\/pages\/6522"}],"collection":[{"href":"https:\/\/searchstudies.org\/de\/wp-json\/wp\/v2\/pages"}],"about":[{"href":"https:\/\/searchstudies.org\/de\/wp-json\/wp\/v2\/types\/page"}],"author":[{"embeddable":true,"href":"https:\/\/searchstudies.org\/de\/wp-json\/wp\/v2\/users\/6"}],"replies":[{"embeddable":true,"href":"https:\/\/searchstudies.org\/de\/wp-json\/wp\/v2\/comments?post=6522"}],"version-history":[{"count":22,"href":"https:\/\/searchstudies.org\/de\/wp-json\/wp\/v2\/pages\/6522\/revisions"}],"predecessor-version":[{"id":6557,"href":"https:\/\/searchstudies.org\/de\/wp-json\/wp\/v2\/pages\/6522\/revisions\/6557"}],"up":[{"embeddable":true,"href":"https:\/\/searchstudies.org\/de\/wp-json\/wp\/v2\/pages\/6503"}],"wp:featuredmedia":[{"embeddable":true,"href":"https:\/\/searchstudies.org\/de\/wp-json\/wp\/v2\/media\/250"}],"wp:attachment":[{"href":"https:\/\/searchstudies.org\/de\/wp-json\/wp\/v2\/media?parent=6522"}],"curies":[{"name":"wp","href":"https:\/\/api.w.org\/{rel}","templated":true}]}}